{"id":7160,"date":"2025-05-29T15:28:29","date_gmt":"2025-05-29T15:28:29","guid":{"rendered":"https:\/\/www.luxuryepice.com\/?post_type=product&#038;p=7160"},"modified":"2025-05-29T17:17:53","modified_gmt":"2025-05-29T17:17:53","slug":"vanilla-essential-oil","status":"publish","type":"product","link":"https:\/\/www.luxuryepice.com\/fr\/produit\/vanilla-essential-oil\/","title":{"rendered":"Huile essetielle de vanille"},"content":{"rendered":"<div class=\"flex-1 overflow-hidden\">\n<div class=\"react-scroll-to-bottom--css-kqifp-79elbk h-full\">\n<div class=\"react-scroll-to-bottom--css-kqifp-1n7m0yu\">\n<div class=\"flex flex-col pb-9 text-sm\">\n<div class=\"w-full text-token-text-primary\" data-testid=\"conversation-turn-3\">\n<div class=\"px-4 py-2 justify-center text-base md:gap-6 m-auto\">\n<div class=\"flex flex-1 text-base mx-auto gap-3 md:px-5 lg:px-1 xl:px-5 md:max-w-3xl lg:max-w-[40rem] xl:max-w-[48rem] group final-completion\">\n<div class=\"relative flex w-full flex-col lg:w-[calc(100%-115px)] agent-turn\">\n<div class=\"flex-col gap-1 md:gap-3\">\n<div class=\"flex flex-grow flex-col max-w-full\">\n<div class=\"min-h-[20px] text-message flex flex-col items-start gap-3 whitespace-pre-wrap break-words [.text-message+&amp;]:mt-5 overflow-x-auto\" data-message-author-role=\"assistant\" data-message-id=\"09625ecd-1970-47b0-a6a5-5db7e05cbd6f\">\n<div class=\"markdown prose w-full break-words dark:prose-invert dark\">\n<h3>Qu\u2019est-ce que l\u2019huile essentielle de vanille ?<\/h3>\n<p>L\u2019huile essentielle de vanille est issue de l\u2019esp\u00e8ce Vanilla planifolia. Extraite des gousses de l\u2019orchid\u00e9e vanille par un proc\u00e9d\u00e9 d\u2019extraction au CO\u2082 supercritique, elle est hautement concentr\u00e9e et appr\u00e9ci\u00e9e pour son ar\u00f4me chaud et sucr\u00e9 ainsi que pour ses bienfaits th\u00e9rapeutiques. Elle est certifi\u00e9e biologique et ne contient aucun additif.<\/p>\n<h3>Production de l\u2019huile essentielle de vanille<\/h3>\n<p>Cette huile est extraite des gousses de vanille par extraction au CO\u2082 supercritique, un proc\u00e9d\u00e9 qui pr\u00e9serve les compos\u00e9s aromatiques et garantit une grande puret\u00e9. Sa production en mai 2025 a \u00e9t\u00e9 certifi\u00e9e par Ecocert et porte le label biologique.<\/p>\n<h3>Description de l\u2019Huile Essentielle de Vanille<\/h3>\n<p>L\u2019huile essentielle se pr\u00e9sente sous la forme d\u2019un liquide \u00e9pais de couleur orange, signe de sa concentration. Elle contient une forte teneur en vanilline (33,97 % selon l\u2019analyse WB2LAB). Douce pour la peau lorsqu\u2019elle est utilis\u00e9e selon les recommandations, elle ne pr\u00e9sente pas de toxicit\u00e9 aigu\u00eb. Elle convient \u00e0 une utilisation en cosm\u00e9tique, en aromath\u00e9rapie, dans les applications alimentaires et en parfumerie.<\/p>\n<h3>Historique et utilisation traditionnelle<\/h3>\n<p>La vanille poss\u00e8de une longue histoire ancr\u00e9e dans la m\u00e9decine traditionnelle et la culture gastronomique. Au-del\u00e0 de sa renomm\u00e9e culinaire, elle est appr\u00e9ci\u00e9e pour ses propri\u00e9t\u00e9s apaisantes et son effet positif sur l\u2019humeur. Cette huile essentielle capture l\u2019essence de la gousse de vanille et est utilis\u00e9e pour le bien-\u00eatre \u00e9motionnel, la d\u00e9tente et les soins de la peau.<\/p>\n<h3>Bienfaits et vertus de l\u2019huile essentielle de vanille<\/h3>\n<ol>\n<li>Apaisant et relaxant, id\u00e9al pour calmer l\u2019esprit et r\u00e9duire le stress.<\/li>\n<li>Action antioxydante qui favorise la r\u00e9g\u00e9n\u00e9ration de la peau et la prot\u00e8ge des agressions environnementales.<\/li>\n<li>Propri\u00e9t\u00e9s cicatrisantes utiles dans les routines de soin pour les peaux sensibles.<\/li>\n<li>Antid\u00e9presseur naturel, favorise l\u2019\u00e9quilibre \u00e9motionnel.<\/li>\n<li>Utilis\u00e9e en cosm\u00e9tique, en aromath\u00e9rapie, dans les compl\u00e9ments alimentaires et en parfumerie.<\/li>\n<li>Peut \u00eatre utilis\u00e9 en alimentation, lorsqu\u2019il est correctement dilu\u00e9.<\/li>\n<\/ol>\n<h3>Instructions d\u2019utilisation<\/h3>\n<ol>\n<li>Pour une application cutan\u00e9e, diluez \u00e0 1\u20132 % dans une huile v\u00e9g\u00e9tale ou une base neutre avant d\u2019appliquer.<\/li>\n<li>Pour inhalation : ajoutez 1 \u00e0 2 gouttes sur un mouchoir ou dans un bol d'eau chaude.<\/li>\n<li>Pour usage interne : maximum 1 \u00e0 2 gouttes par jour, dilu\u00e9es dans un support alimentaire tel que du miel ou de l\u2019huile.<\/li>\n<\/ol>\n<h3>Dur\u00e9e et fr\u00e9quence d\u2019utilisation<\/h3>\n<p>\u00c0 utiliser localement 3 \u00e0 5 fois par semaine, de pr\u00e9f\u00e9rence le soir apr\u00e8s le nettoyage de la peau ou la douche.<\/p>\n<h3>Pr\u00e9cautions<\/h3>\n<ol>\n<li>\u00c0 \u00e9viter chez les femmes enceintes ou allaitantes.<\/li>\n<li>Ne pas appliquer sur la peau des enfants de moins de 6 ans.<\/li>\n<li>\u00c9vitez l'exposition directe au soleil apr\u00e8s l'application.<\/li>\n<\/ol>\n<h3>Conditions de conservation<\/h3>\n<p>\u00c0 conserver \u00e0 l'abri de la lumi\u00e8re, de la chaleur et de l'humidit\u00e9. Le produit peut se conserver pendant 5 ans apr\u00e8s ouverture.<\/p>\n<h3>Conditionnement<\/h3>\n<p>Disponible en formats 100 ml, 250 ml, 500 ml et 1 L.\n<\/p><\/div>\n<\/div>\n<\/div>\n<div class=\"mt-1 flex justify-start gap-3 empty:hidden\"><\/div>\n<\/div>\n<\/div>\n<\/div>\n<\/div>\n<\/div>\n<\/div>\n<\/div>\n<\/div>\n<\/div>","protected":false},"excerpt":{"rendered":"<p>L\u2019huile essentielle de vanille est extraite des gousses de *Vanilla planifolia* par extraction au CO\u2082 supercritique. Elle est tr\u00e8s appr\u00e9ci\u00e9e pour son parfum riche et apaisant, ainsi que pour ses propri\u00e9t\u00e9s calmantes, r\u00e9paratrices et antioxydantes. Ce liquide \u00e9pais de couleur orange est largement utilis\u00e9 en cosm\u00e9tique, en aromath\u00e9rapie, en parfumerie, dans les compl\u00e9ments alimentaires et les soins de la peau. Notre huile essentielle de vanille est certifi\u00e9e biologique, 100 % pure et sans additifs.  <\/p>\n<p>Cet extrait est id\u00e9al pour les peaux sensibles, avec des effets naturels antid\u00e9presseurs et relaxants. Lorsqu\u2019il est utilis\u00e9 correctement et apr\u00e8s un test cutan\u00e9, aucune toxicit\u00e9 aigu\u00eb n\u2019a \u00e9t\u00e9 signal\u00e9e. La teneur en vanilline (33,97 %) garantit \u00e0 la fois une puissance th\u00e9rapeutique et aromatique.  <\/p>\n<p><b>Origine :<\/b> Madagascar (produite en mai 2025)<br \/>\n<b>Qualit\u00e9 :<\/b> Extrait au CO\u2082 supercritique<br \/>\n<b>Poids\/Quantit\u00e9 :<\/b> 100ml \u2022 250ml \u2022 500ml \u2022 1L<br \/>\n<b>Conditionnement :<\/b> Dans un flacon herm\u00e9tique, \u00e0 l\u2019abri de la lumi\u00e8re et de l\u2019humidit\u00e9.  <\/p>\n<h3>Commande en gros<\/h3>\n<p><b>Conditionnement :<\/b>  <\/p>\n<ul>\n<li>Disponible en formats de 100 ml, 250 ml, 500 ml et 1 L.<\/li>\n<\/ul>\n<h3 style=\"display: none;\">Prix<\/h3>\n<table style=\"display: none;\" class=\"product_prices_table\">\n<tbody>\n<tr>\n<th>Poids\/Quantit\u00e9<\/th>\n<th>Prix<\/th>\n<th class=\"translation-block\">Prix (Remise 15% avec <a href=\"https:\/\/lmelocation.com\/\" target=\"_blank\" rel=\"noopener\">LME Location<\/a>)<\/th>\n<\/tr>\n<tr>\n<td>100ml<\/td>\n<td>25\u20ac<\/td>\n<td>-15%<\/td>\n<\/tr>\n<tr>\n<td>250ml<\/td>\n<td>55\u20ac<\/td>\n<td>-15%<\/td>\n<\/tr>\n<tr>\n<td>500ml<\/td>\n<td>100\u20ac<\/td>\n<td>-15%<\/td>\n<\/tr>\n<tr>\n<td>1L<\/td>\n<td>180\u20ac<\/td>\n<td>-15%<\/td>\n<\/tr>\n<\/tbody>\n<\/table>\n<h3>Pour toute information concernant les prix et les commandes, veuillez nous contacter directement.<\/h3>\n<ul class=\"product_contacts\">\n<li><span class=\"icon\"><i class=\"fa fa-phone\"><\/i><\/span><a href=\"tel:0668740294\">06 68 74 02 94<\/a><\/li>\n<li><span class=\"icon\"><i class=\"fa fa-envelope\"><\/i><\/span><a href=\"mailto:luxe.spices@gmail.com\">luxe.spices@gmail.com<\/a><\/li>\n<\/ul>\n<h3>Info produits<\/h3>","protected":false},"featured_media":7163,"comment_status":"open","ping_status":"closed","template":"","meta":[],"product_brand":[],"product_cat":[21],"product_tag":[],"class_list":{"0":"post-7160","1":"product","2":"type-product","3":"status-publish","4":"has-post-thumbnail","6":"product_cat-uncategorized","8":"first","9":"instock","10":"featured","11":"shipping-taxable","12":"product-type-simple"},"_links":{"self":[{"href":"https:\/\/www.luxuryepice.com\/fr\/wp-json\/wp\/v2\/product\/7160","targetHints":{"allow":["GET"]}}],"collection":[{"href":"https:\/\/www.luxuryepice.com\/fr\/wp-json\/wp\/v2\/product"}],"about":[{"href":"https:\/\/www.luxuryepice.com\/fr\/wp-json\/wp\/v2\/types\/product"}],"replies":[{"embeddable":true,"href":"https:\/\/www.luxuryepice.com\/fr\/wp-json\/wp\/v2\/comments?post=7160"}],"wp:featuredmedia":[{"embeddable":true,"href":"https:\/\/www.luxuryepice.com\/fr\/wp-json\/wp\/v2\/media\/7163"}],"wp:attachment":[{"href":"https:\/\/www.luxuryepice.com\/fr\/wp-json\/wp\/v2\/media?parent=7160"}],"wp:term":[{"taxonomy":"product_brand","embeddable":true,"href":"https:\/\/www.luxuryepice.com\/fr\/wp-json\/wp\/v2\/product_brand?post=7160"},{"taxonomy":"product_cat","embeddable":true,"href":"https:\/\/www.luxuryepice.com\/fr\/wp-json\/wp\/v2\/product_cat?post=7160"},{"taxonomy":"product_tag","embeddable":true,"href":"https:\/\/www.luxuryepice.com\/fr\/wp-json\/wp\/v2\/product_tag?post=7160"}],"curies":[{"name":"wp","href":"https:\/\/api.w.org\/{rel}","templated":true}]}}