{"id":6521,"date":"2023-12-18T10:14:53","date_gmt":"2023-12-18T10:14:53","guid":{"rendered":"https:\/\/www.luxuryepice.com\/?post_type=product&#038;p=6521"},"modified":"2025-12-06T19:56:37","modified_gmt":"2025-12-06T19:56:37","slug":"turmeric","status":"publish","type":"product","link":"https:\/\/www.luxuryepice.com\/fr\/produit\/turmeric\/","title":{"rendered":"Curcuma"},"content":{"rendered":"<div class=\"flex-1 overflow-hidden\">\n<div class=\"react-scroll-to-bottom--css-kqifp-79elbk h-full\">\n<div class=\"react-scroll-to-bottom--css-kqifp-1n7m0yu\">\n<div class=\"flex flex-col pb-9 text-sm\">\n<div class=\"w-full text-token-text-primary\" data-testid=\"conversation-turn-3\">\n<div class=\"px-4 py-2 justify-center text-base md:gap-6 m-auto\">\n<div class=\"flex flex-1 text-base mx-auto gap-3 md:px-5 lg:px-1 xl:px-5 md:max-w-3xl lg:max-w-[40rem] xl:max-w-[48rem] group final-completion\">\n<div class=\"relative flex w-full flex-col lg:w-[calc(100%-115px)] agent-turn\">\n<div class=\"flex-col gap-1 md:gap-3\">\n<div class=\"flex flex-grow flex-col max-w-full\">\n<div class=\"min-h-[20px] text-message flex flex-col items-start gap-3 whitespace-pre-wrap break-words [.text-message+&amp;]:mt-5 overflow-x-auto\" data-message-author-role=\"assistant\" data-message-id=\"09625ecd-1970-47b0-a6a5-5db7e05cbd6f\">\n<div class=\"markdown prose w-full break-words dark:prose-invert dark\">\n<h3>Qu'est-ce que le curcuma ?<\/h3>\n<p>Le curcuma est une plante herbac\u00e9e \u00e9galement connue sous le nom de \u00ab safran des Indes \u00bb. Elle appartient \u00e0 la famille des Zingib\u00e9rac\u00e9es et est cultiv\u00e9e pour ses rhizomes, similaires \u00e0 ceux du gingembre. Cette \u00e9pice est largement utilis\u00e9e dans les applications culinaires et poss\u00e8de de nombreuses vertus, telles que des propri\u00e9t\u00e9s antioxydantes et anti-inflammatoires. Bien que le curcuma soit originaire d\u2019Inde, il s'est naturalis\u00e9 dans le monde entier.<\/p>\n<h3>La culture du curcuma \u00e0 Madagascar<\/h3>\n<p>Le curcuma est l'une des plantes reproduites par propagation v\u00e9g\u00e9tative et est cultiv\u00e9 manuellement. Madagascar est l'un des pays qui exportent du curcuma. Le climat humide et chaud de la c\u00f4te est de Madagascar est propice \u00e0 la production de curcuma. Apr\u00e8s la r\u00e9colte, les rhizomes sont lav\u00e9s puis s\u00e9ch\u00e9s.<\/p>\n<h3>Description du curcuma<\/h3>\n<p>Le curcuma est un rhizome appartenant \u00e0 la m\u00eame famille que le gingembre, mais sa couleur est orange vif. C'est une plante herbac\u00e9e, vivace, rhizomateuse pouvant atteindre 1 m\u00e8tre de hauteur. Ses feuilles oblongues sont longues et larges (70 cm) pendant la floraison, et une tige florale \u00e9merge de la base, portant une magnifique inflorescence verte \u00e0 la base et blanche au sommet, pouvant comporter une cinquantaine de bract\u00e9es. Ces bract\u00e9es portent une fleur jaune et blanche.<\/p>\n<h3>Histoire du safran indien<\/h3>\n<p>Originaire d'Inde et d'Asie du Sud-Est, le curcuma est utilis\u00e9 depuis plus de 4000 ans. Il figure parmi les plus anciens trait\u00e9s de la m\u00e9decine chinoise. G\u00e9n\u00e9ralement, le curcuma est utilis\u00e9 pour traiter diverses infections et am\u00e9liorer la sant\u00e9. Il est \u00e9galement utilis\u00e9 dans de nombreux plats, y compris les currys, les rago\u00fbts et le riz. En m\u00e9decine traditionnelle, il est souvent employ\u00e9 pour traiter diverses infections, probl\u00e8mes digestifs, inflammations et troubles de la peau. La racine de curcuma (curcumine) a les effets les plus b\u00e9n\u00e9fiques sur la sant\u00e9.<\/p>\n<h3>Bienfaits et vertus du curcuma<\/h3>\n<ol>\n<li>Le curcuma contient de la curcumine, un compos\u00e9 bioactif protecteur.<\/li>\n<li>Les extraits de curcuma aident \u00e0 r\u00e9duire et \u00e0 supprimer la production d'oxyde nitrique, un puissant agent pro-inflammatoire.<\/li>\n<li>Le curcuma favorise la gu\u00e9rison des l\u00e9sions et r\u00e9duit la douleur.<\/li>\n<li>Il est efficace pour r\u00e9duire les gaz intestinaux.<\/li>\n<li>Il poss\u00e8de des propri\u00e9t\u00e9s anti-inflammatoires et antioxydantes ; la curcumine montre un effet inhibiteur sur la carcinogen\u00e8se de divers types de cancers (colon, pancr\u00e9as, foie, sang).<\/li>\n<li>Diverses \u00e9tudes montrent que les extraits de curcuma induisent l'apoptose dans les cellules canc\u00e9reuses.<\/li>\n<li>C'est une \u00e9pice pour traiter les troubles digestifs et soulager les maladies inflammatoires.<\/li>\n<li>Il prot\u00e8ge \u00e9galement nos cellules contre l'inflammation et les dommages, ralentissant le processus de vieillissement.<\/li>\n<li>Il est \u00e9galement antiseptique et antibact\u00e9rien, ce qui peut arr\u00eater la croissance des bact\u00e9ries causant l'acn\u00e9.<\/li>\n<li>Il illumine la peau terne et r\u00e9duit l'acn\u00e9.<\/li>\n<li>Les effets antioxydants et anti-inflammatoires peuvent prot\u00e9ger contre les maladies cardiaques.<\/li>\n<\/ol>\n<\/div>\n<\/div>\n<\/div>\n<div class=\"mt-1 flex justify-start gap-3 empty:hidden\"><\/div>\n<\/div>\n<\/div>\n<\/div>\n<\/div>\n<\/div>\n<\/div>\n<\/div>\n<\/div>\n<\/div>","protected":false},"excerpt":{"rendered":"<p>Le curcuma, connu sous le nom de safran des Indes, est une plante herbac\u00e9e rhizomateuse vivace. Cette plante est utilis\u00e9e dans le tajine de poulet au curry, en m\u00e9decine traditionnelle comme anti-inflammatoire naturel, pour soulager les digestions difficiles, comme produit cosm\u00e9tique et comme colorant textile. L'origine de notre curcuma garantit un produit issu d'une agriculture sans produits chimiques, sur la c\u00f4te est de la grande \u00eele, o\u00f9 l'on peut m\u00eame trouver du curcuma sauvage.<\/p>\n<p>Le curcuma est une plante herbac\u00e9e vivace rhizomateuse connue sous le nom de Terra merita ou safran des Indes. Il est utilis\u00e9 \u00e0 la fois pour ses propri\u00e9t\u00e9s tinctoriales et m\u00e9dicinales. Cette plante est utilis\u00e9e en cuisine, en m\u00e9decine traditionnelle, dans les produits cosm\u00e9tiques et pour la teinture textile. L'origine de notre curcuma garantit un produit sans produits chimiques, et nous assurons \u00e9galement un prix d'une qualit\u00e9 irr\u00e9prochable pour vous.<\/p>\n<p><b>Origine :<\/b> C\u00f4te est de Madagascar (dans la commune d'Anivorano, district de Brickaville)<br \/>\n<b>Qualit\u00e9 :<\/b> Lamelle\/Poudre<br \/>\n<b>Poids\/Quantit\u00e9 :<\/b> 100g \u2022 250g \u2022 500g \u2022 1kg<br \/>\n<b>Conditionnement :<\/b> Dans un sac herm\u00e9tique<\/p>\n<h3>Commande en gros<\/h3>\n<p><b>Conditionnement :<\/b><\/p>\n<ul>\n<li>Lamelles : Un carton de 15 kg (un sac herm\u00e9tique de 1 kg x 15).<\/li>\n<li>Poudre: Un carton de 25kg (Un sac herm\u00e9tique de 2.5kg x 10)<\/li>\n<\/ul>\n<p><b>Prix de gros, contactez-nous !<\/b><\/p>\n<h3>Prix<\/h3>\n<p><b>Poudre :<\/b><\/p>\n<table class=\"product_prices_table\">\n<tbody>\n<tr>\n<th>Poids\/Quantit\u00e9<\/th>\n<th>Prix<\/th>\n<th class=\"translation-block\">Prix (Remise 15% avec <a href=\"https:\/\/lmelocation.com\/\" target=\"_blank\" rel=\"noopener\">LME Location<\/a>)<\/th>\n<\/tr>\n<tr>\n<td>100g<\/td>\n<td>2\u20ac<\/td>\n<td>-15%<\/td>\n<\/tr>\n<tr>\n<td>250g<\/td>\n<td>3\u20ac<\/td>\n<td>-15%<\/td>\n<\/tr>\n<tr>\n<td>500g<\/td>\n<td>5\u20ac<\/td>\n<td>-15%<\/td>\n<\/tr>\n<tr>\n<td>1kg<\/td>\n<td>8\u20ac<\/td>\n<td>-15%<\/td>\n<\/tr>\n<\/tbody>\n<\/table>\n<p><b>Lamelle :<\/b> En attente, ...<\/p>\n<h3>Pour toutes commandes, contactez-nous directement :<\/h3>\n<ul class=\"product_contacts\">\n<li><span class=\"icon\"><i class=\"fa fa-phone\"><\/i><\/span><a href=\"tel:0668740294\">06 68 74 02 94<\/a><\/li>\n<li><span class=\"icon\"><i class=\"fa fa-envelope\"><\/i><\/span><a href=\"mailto:luxe.spices@gmail.com\">luxe.spices@gmail.com<\/a><\/li>\n<\/ul>\n<h3>Info produits<\/h3>","protected":false},"featured_media":6523,"comment_status":"open","ping_status":"closed","template":"","meta":[],"product_brand":[],"product_cat":[21],"product_tag":[],"class_list":{"0":"post-6521","1":"product","2":"type-product","3":"status-publish","4":"has-post-thumbnail","6":"product_cat-uncategorized","8":"first","9":"instock","10":"featured","11":"shipping-taxable","12":"product-type-simple"},"_links":{"self":[{"href":"https:\/\/www.luxuryepice.com\/fr\/wp-json\/wp\/v2\/product\/6521","targetHints":{"allow":["GET"]}}],"collection":[{"href":"https:\/\/www.luxuryepice.com\/fr\/wp-json\/wp\/v2\/product"}],"about":[{"href":"https:\/\/www.luxuryepice.com\/fr\/wp-json\/wp\/v2\/types\/product"}],"replies":[{"embeddable":true,"href":"https:\/\/www.luxuryepice.com\/fr\/wp-json\/wp\/v2\/comments?post=6521"}],"wp:featuredmedia":[{"embeddable":true,"href":"https:\/\/www.luxuryepice.com\/fr\/wp-json\/wp\/v2\/media\/6523"}],"wp:attachment":[{"href":"https:\/\/www.luxuryepice.com\/fr\/wp-json\/wp\/v2\/media?parent=6521"}],"wp:term":[{"taxonomy":"product_brand","embeddable":true,"href":"https:\/\/www.luxuryepice.com\/fr\/wp-json\/wp\/v2\/product_brand?post=6521"},{"taxonomy":"product_cat","embeddable":true,"href":"https:\/\/www.luxuryepice.com\/fr\/wp-json\/wp\/v2\/product_cat?post=6521"},{"taxonomy":"product_tag","embeddable":true,"href":"https:\/\/www.luxuryepice.com\/fr\/wp-json\/wp\/v2\/product_tag?post=6521"}],"curies":[{"name":"wp","href":"https:\/\/api.w.org\/{rel}","templated":true}]}}