{"id":6456,"date":"2023-12-14T11:50:24","date_gmt":"2023-12-14T11:50:24","guid":{"rendered":"https:\/\/www.luxuryepice.com\/?post_type=product&#038;p=6456"},"modified":"2025-12-06T19:57:41","modified_gmt":"2025-12-06T19:57:41","slug":"wild-pepper","status":"publish","type":"product","link":"https:\/\/www.luxuryepice.com\/fr\/produit\/wild-pepper\/","title":{"rendered":"Poivre Sauvage"},"content":{"rendered":"<h3>Voatsiperifery ou Poivre Sauvage de Madagascar<\/h3>\n<p>Voatsiperifery est un poivre sauvage qui pousse dans les for\u00eats du sud de Madagascar. Il est r\u00e9colt\u00e9 \u00e0 partir de lianes et est connu pour son ar\u00f4me fin et parfum\u00e9. Son go\u00fbt \u00e9pic\u00e9 lui conf\u00e8re une saveur unique, ce qui le rend populaire pour assaisonner les plats et diverses autres utilisations.<\/p>\n<h3>Cultivation du Poivre Sauvage ou Voatsiperifery<\/h3>\n<p>Le poivre sauvage pousse sur de grands arbres (des lianes d'environ 20 \u00e0 30 m\u00e8tres de haut). Il est cultiv\u00e9 dans un climat chaud et humide, principalement dans les r\u00e9gions sud-est de Madagascar. Sa culture se fait dans un environnement sauvage, comme le sugg\u00e8re son nom. La r\u00e9colte se fait \u00e0 la main, et l'une des conditions pour la fructification est la lumi\u00e8re, c'est pourquoi les lianes situ\u00e9es \u00e0 des altitudes plus \u00e9lev\u00e9es portent des fruits.<\/p>\n<h3>Description du Voatsiperifery<\/h3>\n<p>Le Voatsiperifery est une combinaison de deux mots : \u00ab voa \u00bb, signifiant fruit, et \u00ab tsiperifery \u00bb, qui est le nom de la famille des lianes Piper borbonense. C'est une vari\u00e9t\u00e9 de poivre en queue qui pousse dans les climats de for\u00eat tropicale. Il ressemble au poivre Cubeb d'Asie du Sud-Est, avec des grains petits et des tiges plus longues. R\u00e9put\u00e9 pour son parfum unique, le poivre sauvage a un ar\u00f4me floral et bois\u00e9. Sa couleur d\u00e9pend de son niveau de maturit\u00e9 (blanc, noir, rouge).<\/p>\n<h3>Histoire du Poivre Sauvage de Madagascar<\/h3>\n<p>Le Voatsiperifery est un poivre qui pousse \u00e0 l'\u00e9tat sauvage sur des lianes grimpant au-dessus de 20 m\u00e8tres au c\u0153ur de la for\u00eat tropicale du sud-est de Madagascar. Il a \u00e9t\u00e9 d\u00e9couvert il y a quelques d\u00e9cennies. Il est \u00e9galement cultiv\u00e9 sur les \u00eeles de La R\u00e9union et de Maurice, mais n'existe \u00e0 l'\u00e9tat sauvage qu'\u00e0 Madagascar. En raison de sa r\u00e9colte difficile, ce poivre est consid\u00e9r\u00e9 comme l'un des poivres les plus rares au monde. Il est pr\u00e9f\u00e9rable de le consommer \u00e9cras\u00e9 plut\u00f4t que moulu et est souvent utilis\u00e9 en cuisine comme assaisonnement.<\/p>\n<h3>Bienfaits du Poivre Sauvage<\/h3>\n<p>Le poivre sauvage de Madagascar pr\u00e9sente de nombreux avantages pour la sant\u00e9 et le bien-\u00eatre :<\/p>\n<ol>\n<li>Le Voatsiperifery poss\u00e8de des propri\u00e9t\u00e9s antibact\u00e9riennes et antiseptiques.<\/li>\n<li>Il est riche en antioxydants.<\/li>\n<li>C'est un antispasmodique naturel.<\/li>\n<li>Il aide \u00e0 la digestion en r\u00e9duisant les ballonnements.<\/li>\n<li>Il est \u00e9galement un alli\u00e9 redoutable pour la perte de poids.<\/li>\n<li>Il constitue une excellente mesure pr\u00e9ventive contre l'insomnie et l'anxi\u00e9t\u00e9.<\/li>\n<\/ol>","protected":false},"excerpt":{"rendered":"<p>Le poivre sauvage pousse dans le sud de l'\u00eele de Madagascar ; il appartient \u00e0 la famille des Piper borbonense. L'origine de ce Voatsiperifery ou poivre sauvage garantit un produit sans produits chimiques, provenant d'un environnement sauvage. Son go\u00fbt est bois\u00e9, r\u00e9sineux et terreux, avec des notes d'agrumes, de fruits et de fleurs. Il est id\u00e9al pour diverses exp\u00e9riences culinaires afin de sublimer une vari\u00e9t\u00e9 de plats. Il poss\u00e8de \u00e9galement des propri\u00e9t\u00e9s m\u00e9dicinales.<\/p>\n<p><b>Origine :<\/b> For\u00eat tropicale dans le sud-est de Madagascar<br \/>\n<b>Qualit\u00e9 :<\/b> Poivre entier<br \/>\n<b>Poids\/Quantit\u00e9 :<\/b> 100g \u2022 250g \u2022 500g \u2022 1kg<br \/>\n<b>Conditionnement :<\/b> Dans un sac herm\u00e9tique<\/p>\n<h3>Commande en gros<\/h3>\n<p><b>Conditionnement :<\/b><\/p>\n<ul>\n<li>Poivre entier: Un carton de 25kg (Un sac herm\u00e9tique de 2.5kg x 10).<\/li>\n<\/ul>\n<p><b>Prix de gros, contactez-nous !<\/b><\/p>\n<h3>Prix<\/h3>\n<table class=\"product_prices_table\">\n<tbody>\n<tr>\n<th>Poids\/Quantit\u00e9<\/th>\n<th>Prix<\/th>\n<th class=\"translation-block\">Prix (Remise 15% avec <a href=\"https:\/\/lmelocation.com\/\" target=\"_blank\" rel=\"noopener\">LME Location<\/a>)<\/th>\n<\/tr>\n<tr>\n<td>100g<\/td>\n<td>5\u20ac<\/td>\n<td>-15%<\/td>\n<\/tr>\n<tr>\n<td>250g<\/td>\n<td>12\u20ac<\/td>\n<td>-15%<\/td>\n<\/tr>\n<tr>\n<td>500g<\/td>\n<td>23\u20ac<\/td>\n<td>-15%<\/td>\n<\/tr>\n<tr>\n<td>1kg<\/td>\n<td>44\u20ac<\/td>\n<td>-15%<\/td>\n<\/tr>\n<\/tbody>\n<\/table>\n<h3>Pour toutes commandes, contactez-nous directement :<\/h3>\n<ul class=\"product_contacts\">\n<li><span class=\"icon\"><i class=\"fa fa-phone\"><\/i><\/span><a href=\"tel:0668740294\">06 68 74 02 94<\/a><\/li>\n<li><span class=\"icon\"><i class=\"fa fa-envelope\"><\/i><\/span><a href=\"mailto:luxe.spices@gmail.com\">luxe.spices@gmail.com<\/a><\/li>\n<\/ul>\n<h3>Info produits<\/h3>","protected":false},"featured_media":6457,"comment_status":"open","ping_status":"closed","template":"","meta":[],"product_brand":[],"product_cat":[21],"product_tag":[],"class_list":{"0":"post-6456","1":"product","2":"type-product","3":"status-publish","4":"has-post-thumbnail","6":"product_cat-uncategorized","8":"first","9":"instock","10":"shipping-taxable","11":"product-type-simple"},"_links":{"self":[{"href":"https:\/\/www.luxuryepice.com\/fr\/wp-json\/wp\/v2\/product\/6456","targetHints":{"allow":["GET"]}}],"collection":[{"href":"https:\/\/www.luxuryepice.com\/fr\/wp-json\/wp\/v2\/product"}],"about":[{"href":"https:\/\/www.luxuryepice.com\/fr\/wp-json\/wp\/v2\/types\/product"}],"replies":[{"embeddable":true,"href":"https:\/\/www.luxuryepice.com\/fr\/wp-json\/wp\/v2\/comments?post=6456"}],"wp:featuredmedia":[{"embeddable":true,"href":"https:\/\/www.luxuryepice.com\/fr\/wp-json\/wp\/v2\/media\/6457"}],"wp:attachment":[{"href":"https:\/\/www.luxuryepice.com\/fr\/wp-json\/wp\/v2\/media?parent=6456"}],"wp:term":[{"taxonomy":"product_brand","embeddable":true,"href":"https:\/\/www.luxuryepice.com\/fr\/wp-json\/wp\/v2\/product_brand?post=6456"},{"taxonomy":"product_cat","embeddable":true,"href":"https:\/\/www.luxuryepice.com\/fr\/wp-json\/wp\/v2\/product_cat?post=6456"},{"taxonomy":"product_tag","embeddable":true,"href":"https:\/\/www.luxuryepice.com\/fr\/wp-json\/wp\/v2\/product_tag?post=6456"}],"curies":[{"name":"wp","href":"https:\/\/api.w.org\/{rel}","templated":true}]}}