{"id":6451,"date":"2023-12-14T11:48:08","date_gmt":"2023-12-14T11:48:08","guid":{"rendered":"https:\/\/www.luxuryepice.com\/?post_type=product&#038;p=6451"},"modified":"2024-08-04T19:33:00","modified_gmt":"2024-08-04T19:33:00","slug":"black-pepper","status":"publish","type":"product","link":"https:\/\/www.luxuryepice.com\/fr\/produit\/black-pepper\/","title":{"rendered":"Poivre Noir"},"content":{"rendered":"<h3>Qu'est-ce que le poivre noir ?<\/h3>\n<p>Originaire de l'Inde, le poivre noir est le fruit de la plante grimpante (plante \u00e0 poivre). Ces baies sont l'une des \u00e9pices les plus largement utilis\u00e9es dans le monde. Son ar\u00f4me est id\u00e9al pour assaisonner les plats. Il est connu pour son go\u00fbt piquant et ses nombreuses propri\u00e9t\u00e9s.<\/p>\n<h3>La culture du poivre noir \u00e0 Madagascar<\/h3>\n<p>Le Fran\u00e7ais \u00c9mile Prudhomme a introduit la culture du poivre \u00e0 Madagascar au d\u00e9but du XXe si\u00e8cle. L'introduction du poivre a commenc\u00e9 \u00e0 Nosy-Be puis s'est \u00e9tendue \u00e0 Sambirano. Il est toujours cultiv\u00e9 sur la c\u00f4te sud-est de l'\u00eele, de Nosy Varika \u00e0 Farafangana, le long de l'oc\u00e9an Indien. Le poivre est r\u00e9colt\u00e9 deux fois par an, en mai\/juillet et en octobre\/novembre. Madagascar conna\u00eet deux saisons de floraison par an.<\/p>\n<h3>Description du Piper Nigrum<\/h3>\n<p>Originaire de l'Inde, le Piper Nigrum appartient \u00e0 la famille des Piperaceae. C'est une vigne vivace qui peut atteindre 10 m\u00e8tres de long. Ses feuilles sont ovales, alternes et simples. Ses fruits, le poivre, sont souvent utilis\u00e9s pour rehausser les plats. Sa peau est verte au moment de la cueillette, mais elle fonce en raison de la chaleur. Son go\u00fbt est relev\u00e9 et piquant.<\/p>\n<h3>Histoire du poivre noir<\/h3>\n<p>Originaire du sud-ouest de l'Inde, plus pr\u00e9cis\u00e9ment de la r\u00e9gion du Kerala sur la c\u00f4te de Malabar, le poivre tire son nom du mot latin \u00ab piper \u00bb. L'utilisation du poivre remonte \u00e0 4000 ans, et il \u00e9tait utilis\u00e9 \u00e0 diverses fins. Il \u00e9tait souvent employ\u00e9 pour rehausser le go\u00fbt des plats, mais \u00e9galement comme une forme de monnaie. Les commer\u00e7ants de l'\u00e9poque le surnommaient \"l'or noir\". De nos jours, c'est l'une des \u00e9pices les plus populaires en cuisine et est \u00e9galement appel\u00e9 le \"roi des \u00e9pices\".<\/p>\n<h3>Les bienfaits du poivre noir<\/h3>\n<ol>\n<li>Il poss\u00e8de des propri\u00e9t\u00e9s anti-inflammatoires en agissant en r\u00e9duisant le nombre de messagers responsables de l'inflammation dans le cas des cellules affect\u00e9es par l'arthrite.<\/li>\n<li>C'est \u00e9galement un stimulant digestif, facilitant la digestion et luttant contre les ballonnements.<\/li>\n<li>C'est bon pour br\u00fbler des calories et l'exc\u00e8s de graisse.<\/li>\n<li>Il a des propri\u00e9t\u00e9s antibact\u00e9riennes, qui sont efficaces pour traiter les toux et les rhumes.<\/li>\n<li>La pip\u00e9rine dans le poivre augmente le niveau de coenzyme dans le sang.<\/li>\n<li>La vapeur d'huile essentielle de ce type de poivre aide \u00e0 lutter contre l'envie de fumer.<\/li>\n<\/ol>","protected":false},"excerpt":{"rendered":"<p>Le poivre noir est obtenu \u00e0 partir des baies qui ne sont pas encore m\u00fbres et qui sont s\u00e9ch\u00e9es ; elles sont souvent utilis\u00e9es pour rehausser les plats. Elles poss\u00e8dent des propri\u00e9t\u00e9s antiseptiques, expectorantes et anti-inflammatoires. Son ar\u00f4me est plus fort et plus piquant.<\/p>\n<p>L'origine de notre poivre noir garantit un produit sans produits chimiques.<\/p>\n<p><b>Origine :<\/b> Dans la r\u00e9gion de Tamatave ou de Nosy Varika \u00e0 Farafangana<br \/>\n<b>Qualit\u00e9 :<\/b> Grain\/Poudre<br \/>\n<b>Poids\/Quantit\u00e9 :<\/b> 100g \u2022 250g \u2022 500g \u2022 1kg<br \/>\n<b>Conditionnement :<\/b> Dans un sac herm\u00e9tique<\/p>\n<h3>Commande en gros<\/h3>\n<p><b>Conditionnement :<\/b><\/p>\n<ul>\n<li>Poivre entier : Un carton de 15 kg (un sac herm\u00e9tique de 1 kg x 15).<\/li>\n<li>Poudre: Un carton de 25kg (Un sac herm\u00e9tique de 2.5kg x 10)<\/li>\n<\/ul>\n<p><b>Prix de gros, contactez-nous !<\/b><\/p>\n<h3>Prix<\/h3>\n<p><b>Grain :<\/b><\/p>\n<table class=\"product_prices_table\">\n<tbody>\n<tr>\n<th>Poids\/Quantit\u00e9<\/th>\n<th>Prix<\/th>\n<th class=\"translation-block\">Prix (Remise 15% avec <a href=\"https:\/\/lmelocation.com\/\" target=\"_blank\" rel=\"noopener\">LME Location<\/a>)<\/th>\n<\/tr>\n<tr>\n<td>100g<\/td>\n<td>3\u20ac<\/td>\n<td>-15%<\/td>\n<\/tr>\n<tr>\n<td>250g<\/td>\n<td>7\u20ac<\/td>\n<td>-15%<\/td>\n<\/tr>\n<tr>\n<td>500g<\/td>\n<td>13\u20ac<\/td>\n<td>-15%<\/td>\n<\/tr>\n<tr>\n<td>1kg<\/td>\n<td>23\u20ac<\/td>\n<td>-15%<\/td>\n<\/tr>\n<\/tbody>\n<\/table>\n<p><b>Poudre :<\/b><\/p>\n<table class=\"product_prices_table\">\n<tbody>\n<tr>\n<th>Poids\/Quantit\u00e9<\/th>\n<th>Prix<\/th>\n<th class=\"translation-block\">Prix (Remise 15% avec <a href=\"https:\/\/lmelocation.com\/\" target=\"_blank\" rel=\"noopener\">LME Location<\/a>)<\/th>\n<\/tr>\n<tr>\n<td>100g<\/td>\n<td>3.50\u20ac<\/td>\n<td>-15%<\/td>\n<\/tr>\n<tr>\n<td>250g<\/td>\n<td>7.50\u20ac<\/td>\n<td>-15%<\/td>\n<\/tr>\n<tr>\n<td>500g<\/td>\n<td>14\u20ac<\/td>\n<td>-15%<\/td>\n<\/tr>\n<tr>\n<td>1kg<\/td>\n<td>25\u20ac<\/td>\n<td>-15%<\/td>\n<\/tr>\n<\/tbody>\n<\/table>\n<h3>Pour toutes commandes, contactez-nous directement :<\/h3>\n<ul class=\"product_contacts\">\n<li><span class=\"icon\"><i class=\"fa fa-phone\"><\/i><\/span><a href=\"tel:0668740294\">06 68 74 02 94<\/a><\/li>\n<li><span class=\"icon\"><i class=\"fa fa-envelope\"><\/i><\/span><a href=\"mailto:luxe.spices@gmail.com\">luxe.spices@gmail.com<\/a><\/li>\n<\/ul>\n<h3>Info produits<\/h3>","protected":false},"featured_media":6452,"comment_status":"open","ping_status":"closed","template":"","meta":[],"product_brand":[],"product_cat":[21],"product_tag":[],"class_list":{"0":"post-6451","1":"product","2":"type-product","3":"status-publish","4":"has-post-thumbnail","6":"product_cat-uncategorized","8":"first","9":"instock","10":"shipping-taxable","11":"product-type-simple"},"_links":{"self":[{"href":"https:\/\/www.luxuryepice.com\/fr\/wp-json\/wp\/v2\/product\/6451","targetHints":{"allow":["GET"]}}],"collection":[{"href":"https:\/\/www.luxuryepice.com\/fr\/wp-json\/wp\/v2\/product"}],"about":[{"href":"https:\/\/www.luxuryepice.com\/fr\/wp-json\/wp\/v2\/types\/product"}],"replies":[{"embeddable":true,"href":"https:\/\/www.luxuryepice.com\/fr\/wp-json\/wp\/v2\/comments?post=6451"}],"wp:featuredmedia":[{"embeddable":true,"href":"https:\/\/www.luxuryepice.com\/fr\/wp-json\/wp\/v2\/media\/6452"}],"wp:attachment":[{"href":"https:\/\/www.luxuryepice.com\/fr\/wp-json\/wp\/v2\/media?parent=6451"}],"wp:term":[{"taxonomy":"product_brand","embeddable":true,"href":"https:\/\/www.luxuryepice.com\/fr\/wp-json\/wp\/v2\/product_brand?post=6451"},{"taxonomy":"product_cat","embeddable":true,"href":"https:\/\/www.luxuryepice.com\/fr\/wp-json\/wp\/v2\/product_cat?post=6451"},{"taxonomy":"product_tag","embeddable":true,"href":"https:\/\/www.luxuryepice.com\/fr\/wp-json\/wp\/v2\/product_tag?post=6451"}],"curies":[{"name":"wp","href":"https:\/\/api.w.org\/{rel}","templated":true}]}}