{"id":6446,"date":"2023-12-14T11:45:29","date_gmt":"2023-12-14T11:45:29","guid":{"rendered":"https:\/\/www.luxuryepice.com\/?post_type=product&#038;p=6446"},"modified":"2025-10-16T23:43:26","modified_gmt":"2025-10-16T23:43:26","slug":"bird-chili","status":"publish","type":"product","link":"https:\/\/www.luxuryepice.com\/fr\/produit\/bird-chili\/","title":{"rendered":"Piment Oiseau"},"content":{"rendered":"<h3>\u00c0 propos du Piment Oiseau Rouge<\/h3>\n<p>Le piment oiseau rouge est un piment habanero, avec une forme allong\u00e9e verte qui devient rouge \u00e0 maturit\u00e9. Il est class\u00e9 8 sur l'\u00e9chelle de Scoville, presque le double du piment de Cayenne. Il se distingue par son intensit\u00e9 et sa puissance, utilis\u00e9 dans divers plats, sauces et marinades. C'est l'un des piments les plus renomm\u00e9s au monde.<\/p>\n<h3>La culture du Pili-Pili \u00e0 Madagascar<\/h3>\n<p>Le pili-pili est l'un des condiments export\u00e9s de Madagascar. La culture du \"pilo kely\" n\u00e9cessite des conditions sp\u00e9cifiques telles que la fertilisation du sol avec de la mati\u00e8re organique. Il prosp\u00e8re dans des temp\u00e9ratures comprises entre 25\u00b0C et 35\u00b0C. Le pili-pili peut \u00eatre r\u00e9colt\u00e9 \u00e0 diff\u00e9rents stades de maturit\u00e9 et avant d'atteindre sa pleine maturit\u00e9. \u00c0 Madagascar, quatre r\u00e9gions produisent du pili-pili : Anjorozobe, Itasy, Lac Alaotra, Vakinakaratra et Fenerive Est.<\/p>\n<h3>Description du piment rouge<\/h3>\n<p>Son nom \"piment oiseau\" vient des oiseaux martin qui aiment manger ces piments.<\/p>\n<p>Le piment rouge appartient au genre Capsicum, et l'origine de son go\u00fbt \u00e9pic\u00e9 est la capsa\u00efcine. Le piment rouge est le fruit d'une plante appartenant \u00e0 la famille des Solanac\u00e9es. Il mesure entre 50 cm et 10 cm de hauteur. Il commence sous la forme d'un petit poivron vert, devenant rouge vif \u00e0 maturit\u00e9.<\/p>\n<h3>L'histoire du Piment Oiseau Rouge<\/h3>\n<p>Originaire d'Am\u00e9rique du Sud, le piment rouge s'est r\u00e9pandu dans le monde entier apr\u00e8s la premi\u00e8re d\u00e9couverte de Christophe Colomb. \u00c0 l'\u00e9poque, il \u00e9tait appel\u00e9 \"l'\u00e9pice des pauvres\". De nos jours, il est appr\u00e9ci\u00e9 pour son ar\u00f4me app\u00e9tissant. Il poss\u00e8de \u00e9galement des vertus m\u00e9dicinales. Riche en antioxydants, il aide \u00e0 combattre le stress. La pr\u00e9sence de capsa\u00efcine en fait un agent anticancer et amincissant.<\/p>","protected":false},"excerpt":{"rendered":"<p>Le piment d'oiseau de Madagascar, \u00e9galement connu sous le nom de pili-pili, a une forme allong\u00e9e, est vert lorsqu'il n'est pas m\u00fbr et devient rouge \u00e0 maturit\u00e9. Il a un go\u00fbt tr\u00e8s \u00e9pic\u00e9 et est tr\u00e8s appr\u00e9ci\u00e9 par les oiseaux martin. Il est omnipr\u00e9sent dans diverses sp\u00e9cialit\u00e9s culinaires. Il offre \u00e9galement des bienfaits pour la sant\u00e9.<\/p>\n<p>L'origine de nos piments rouges garantit un produit sans additifs chimiques.<\/p>\n<p><b>Origine :<\/b> Montagnes (Itasy, Vakinakaratra), c\u00f4te est de Madagascar (province de Toamasina).<br \/>\n<b>Qualit\u00e9 :<\/b> S\u00e9ch\u00e9\/Poudre<br \/>\n<b>Poids\/Quantit\u00e9 :<\/b> 100g \u2022 250g \u2022 500g \u2022 1kg<br \/>\n<b>Conditionnement :<\/b> Dans un sac herm\u00e9tique<\/p>\n<h3>Commande en gros<\/h3>\n<p><b>Conditionnement :<\/b><\/p>\n<ul>\n<li>S\u00e9ch\u00e9 : Un carton de 15 kg (un sac herm\u00e9tique de 1 kg x 15).<\/li>\n<li>Poudre: Un carton de 25kg (Un sac herm\u00e9tique de 2.5kg x 10)<\/li>\n<\/ul>\n<p><b>Prix de gros, contactez-nous !<\/b><\/p>\n<h3>Prix<\/h3>\n<p><b>S\u00e9ch\u00e9 :<\/b><\/p>\n<table class=\"product_prices_table\">\n<tbody>\n<tr>\n<th>Poids\/Quantit\u00e9<\/th>\n<th>Prix<\/th>\n<th class=\"translation-block\">Prix (Remise 15% avec <a href=\"https:\/\/lmelocation.com\/\" target=\"_blank\" rel=\"noopener\">LME Location<\/a>)<\/th>\n<\/tr>\n<tr>\n<td>100g<\/td>\n<td>3\u20ac<\/td>\n<td>-15%<\/td>\n<\/tr>\n<tr>\n<td>250g<\/td>\n<td>7\u20ac<\/td>\n<td>-15%<\/td>\n<\/tr>\n<tr>\n<td>500g<\/td>\n<td>12\u20ac<\/td>\n<td>-15%<\/td>\n<\/tr>\n<tr>\n<td>1kg<\/td>\n<td>19\u20ac<\/td>\n<td>-15%<\/td>\n<\/tr>\n<\/tbody>\n<\/table>\n<p><b>Poudre :<\/b><\/p>\n<table class=\"product_prices_table\">\n<tbody>\n<tr>\n<th>Poids\/Quantit\u00e9<\/th>\n<th>Prix<\/th>\n<th class=\"translation-block\">Prix (Remise 15% avec <a href=\"https:\/\/lmelocation.com\/\" target=\"_blank\" rel=\"noopener\">LME Location<\/a>)<\/th>\n<\/tr>\n<tr>\n<td>100g<\/td>\n<td>2.50\u20ac<\/td>\n<td>-15%<\/td>\n<\/tr>\n<tr>\n<td>250g<\/td>\n<td>5\u20ac<\/td>\n<td>-15%<\/td>\n<\/tr>\n<tr>\n<td>500g<\/td>\n<td>8\u20ac<\/td>\n<td>-15%<\/td>\n<\/tr>\n<tr>\n<td>1kg<\/td>\n<td>14\u20ac<\/td>\n<td>-15%<\/td>\n<\/tr>\n<\/tbody>\n<\/table>\n<h3>Pour toutes commandes, contactez-nous directement :<\/h3>\n<ul class=\"product_contacts\">\n<li><span class=\"icon\"><i class=\"fa fa-phone\"><\/i><\/span><a href=\"tel:0668740294\">06 68 74 02 94<\/a><\/li>\n<li><span class=\"icon\"><i class=\"fa fa-envelope\"><\/i><\/span><a href=\"mailto:luxe.spices@gmail.com\">luxe.spices@gmail.com<\/a><\/li>\n<\/ul>\n<h3>Info produits<\/h3>","protected":false},"featured_media":6447,"comment_status":"open","ping_status":"closed","template":"","meta":[],"product_brand":[],"product_cat":[21],"product_tag":[],"class_list":{"0":"post-6446","1":"product","2":"type-product","3":"status-publish","4":"has-post-thumbnail","6":"product_cat-uncategorized","8":"first","9":"instock","10":"shipping-taxable","11":"product-type-simple"},"_links":{"self":[{"href":"https:\/\/www.luxuryepice.com\/fr\/wp-json\/wp\/v2\/product\/6446","targetHints":{"allow":["GET"]}}],"collection":[{"href":"https:\/\/www.luxuryepice.com\/fr\/wp-json\/wp\/v2\/product"}],"about":[{"href":"https:\/\/www.luxuryepice.com\/fr\/wp-json\/wp\/v2\/types\/product"}],"replies":[{"embeddable":true,"href":"https:\/\/www.luxuryepice.com\/fr\/wp-json\/wp\/v2\/comments?post=6446"}],"wp:featuredmedia":[{"embeddable":true,"href":"https:\/\/www.luxuryepice.com\/fr\/wp-json\/wp\/v2\/media\/6447"}],"wp:attachment":[{"href":"https:\/\/www.luxuryepice.com\/fr\/wp-json\/wp\/v2\/media?parent=6446"}],"wp:term":[{"taxonomy":"product_brand","embeddable":true,"href":"https:\/\/www.luxuryepice.com\/fr\/wp-json\/wp\/v2\/product_brand?post=6446"},{"taxonomy":"product_cat","embeddable":true,"href":"https:\/\/www.luxuryepice.com\/fr\/wp-json\/wp\/v2\/product_cat?post=6446"},{"taxonomy":"product_tag","embeddable":true,"href":"https:\/\/www.luxuryepice.com\/fr\/wp-json\/wp\/v2\/product_tag?post=6446"}],"curies":[{"name":"wp","href":"https:\/\/api.w.org\/{rel}","templated":true}]}}