{"id":6441,"date":"2023-12-14T11:43:38","date_gmt":"2023-12-14T11:43:38","guid":{"rendered":"https:\/\/www.luxuryepice.com\/?post_type=product&#038;p=6441"},"modified":"2024-08-04T14:38:43","modified_gmt":"2024-08-04T14:38:43","slug":"clove","status":"publish","type":"product","link":"https:\/\/www.luxuryepice.com\/fr\/produit\/clove\/","title":{"rendered":"Clou de Girofle"},"content":{"rendered":"<h3>Qu'est-ce que le clou de girofle ?<\/h3>\n<p>Le clou de girofle a une saveur puissante, piquante et distingu\u00e9e. Son odeur est chaude, camphr\u00e9e et m\u00e9dicinale. Il s'agit du bouton floral d'un arbre tropical appel\u00e9 le giroflier et poss\u00e8de des propri\u00e9t\u00e9s antiseptiques et anesth\u00e9siques.<\/p>\n<h3>Culture du clou de girofle \u00e0 Madagascar<\/h3>\n<p>\u00c0 Madagascar, les clous de girofle sont cultiv\u00e9s pour leurs deux produits : le clou lui-m\u00eame et son essence. Les clous de girofle sont r\u00e9colt\u00e9s juste avant la floraison puis s\u00e9ch\u00e9s au soleil, tandis que l'essence de clou de girofle est produite \u00e0 partir des feuilles distill\u00e9es. La culture du clou de girofle se fait dans un climat tropical, humide et chaud. \u00c0 Madagascar, on le trouve dans les provinces de Toamasina, Antsiranana et Fianarantsoa. Cependant, la r\u00e9gion d'Analanjirofo est le plus grand producteur de clous de girofle en raison de son climat pluvieux.<\/p>\n<h3>Description du clou de girofle<\/h3>\n<p>Le clou de girofle est une \u00e9pice obtenue \u00e0 partir des boutons floraux du giroflier, appartenant \u00e0 la famille des Myrtac\u00e9es et au genre Syzygium. Originaire de Malacca, en Indon\u00e9sie, et portant le nom botanique Syzygium aromaticum. L'essence de clou de girofle est reconnue pour sa capacit\u00e9 \u00e0 rem\u00e9dier aux probl\u00e8mes dentaires. Le bouton floral du giroflier est rouge avant la floraison, mais apr\u00e8s s\u00e9chage au soleil, il devient brun fonc\u00e9.<\/p>\n<h3>Histoire du clou de girofle<\/h3>\n<p>Originaire des \u00eeles de Malacca, en Indon\u00e9sie, les clous de girofle sont utilis\u00e9s depuis des milliers d'ann\u00e9es. Les Chinois utilisaient des clous de girofle pour rafra\u00eechir leur haleine lorsqu'ils approchaient de l'empereur. En Europe, aux 16e et 17e si\u00e8cles, les clous de girofle \u00e9taient une marchandise majeure et valaient m\u00eame plus que de l'or. Ils \u00e9taient autrefois tr\u00e8s co\u00fbteux et ont jou\u00e9 un r\u00f4le important dans l'histoire mondiale.<\/p>\n<h3>Les vertus des clous de girofle<\/h3>\n<ol>\n<li>Les clous de girofle poss\u00e8dent des antioxydants puissants.<\/li>\n<li>Ils sont riches en antioxydants, r\u00e9duisant le stress oxydatif.<\/li>\n<li>Les clous de girofle contiennent un compos\u00e9 appel\u00e9 eug\u00e9nol, un antioxydant naturel.<\/li>\n<li>L'huile essentielle de clou de girofle \u00e9limine les bact\u00e9ries courantes.<\/li>\n<li>Ils favorisent la sant\u00e9 des gencives en inhibant la croissance des bact\u00e9ries associ\u00e9es aux maladies gingivales.<\/li>\n<li>Les clous de girofle rafra\u00eechissent \u00e9galement l'haleine.<\/li>\n<li>Ils aident \u00e0 r\u00e9guler la glyc\u00e9mie en absorbant les sucres dans le sang.<\/li>\n<li>Ils soutiennent la sant\u00e9 du foie en am\u00e9liorant la fonction h\u00e9patique et en r\u00e9duisant l'inflammation.<\/li>\n<li>Ils facilitent la digestion, avec des compos\u00e9s aromatiques combattant les probl\u00e8mes d'estomac.<\/li>\n<li>Ils peuvent am\u00e9liorer la sant\u00e9 des os en raison de leur teneur en mangan\u00e8se.<\/li>\n<li>Ils favorisent la croissance des cheveux.<\/li>\n<\/ol>","protected":false},"excerpt":{"rendered":"<p>L'\u00eele grande est devenue le deuxi\u00e8me plus grand producteur de clous de girofle, gr\u00e2ce \u00e0 sa qualit\u00e9 exceptionnelle. Les clous de girofle ont une saveur piquante et distinctive, l\u00e9g\u00e8rement am\u00e8re mais fortement aromatique. Ils sont utilis\u00e9s en cuisine pour rehausser les plats et \u00e9galement en m\u00e9decine pour leurs propri\u00e9t\u00e9s antiseptiques et analg\u00e9siques. De plus, les clous de girofle trouvent des applications dans d'autres secteurs tels que la parfumerie et la fabrication de cigarettes.<\/p>\n<p>L'origine de nos clous de girofle garantit un produit sans additifs chimiques.<\/p>\n<p><b>Origine :<\/b> C\u00f4te Est (Tamatave, \u2026), Nord-Est de Madagascar (Analanjirofo)<br \/>\n<b>Qualit\u00e9 :<\/b> Clou de Girofle<br \/>\n<b>Poids\/Quantit\u00e9 :<\/b> 100g \u2022 250g \u2022 500g \u2022 1kg<br \/>\n<b>Conditionnement :<\/b> Dans un sac herm\u00e9tique<\/p>\n<h3>Commande en gros<\/h3>\n<p><b>Conditionnement :<\/b><\/p>\n<ul>\n<li>Poudre: Un carton de 25kg (Un sac herm\u00e9tique de 2.5kg x 10)<\/li>\n<\/ul>\n<h3>Prix<\/h3>\n<table class=\"product_prices_table\">\n<tbody>\n<tr>\n<th>Poids\/Quantit\u00e9<\/th>\n<th>Prix<\/th>\n<th class=\"translation-block\">Prix (Remise 15% avec <a href=\"https:\/\/lmelocation.com\/\" target=\"_blank\" rel=\"noopener\">LME Location<\/a>)<\/th>\n<\/tr>\n<tr>\n<td>100g<\/td>\n<td>5\u20ac<\/td>\n<td>-15%<\/td>\n<\/tr>\n<tr>\n<td>250g<\/td>\n<td>12\u20ac<\/td>\n<td>-15%<\/td>\n<\/tr>\n<tr>\n<td>500g<\/td>\n<td>23\u20ac<\/td>\n<td>-15%<\/td>\n<\/tr>\n<tr>\n<td>1kg<\/td>\n<td>44\u20ac<\/td>\n<td>-15%<\/td>\n<\/tr>\n<\/tbody>\n<\/table>\n<p><b>Lamelle :<\/b> En attente, ...<\/p>\n<h3>Pour toutes commandes, contactez-nous directement :<\/h3>\n<ul class=\"product_contacts\">\n<li><span class=\"icon\"><i class=\"fa fa-phone\"><\/i><\/span><a href=\"tel:0668740294\">06 68 74 02 94<\/a><\/li>\n<li><span class=\"icon\"><i class=\"fa fa-envelope\"><\/i><\/span><a href=\"mailto:luxe.spices@gmail.com\">luxe.spices@gmail.com<\/a><\/li>\n<\/ul>\n<h3>Info produits<\/h3>","protected":false},"featured_media":6442,"comment_status":"open","ping_status":"closed","template":"","meta":[],"product_brand":[],"product_cat":[21],"product_tag":[],"class_list":{"0":"post-6441","1":"product","2":"type-product","3":"status-publish","4":"has-post-thumbnail","6":"product_cat-uncategorized","8":"first","9":"instock","10":"shipping-taxable","11":"product-type-simple"},"_links":{"self":[{"href":"https:\/\/www.luxuryepice.com\/fr\/wp-json\/wp\/v2\/product\/6441","targetHints":{"allow":["GET"]}}],"collection":[{"href":"https:\/\/www.luxuryepice.com\/fr\/wp-json\/wp\/v2\/product"}],"about":[{"href":"https:\/\/www.luxuryepice.com\/fr\/wp-json\/wp\/v2\/types\/product"}],"replies":[{"embeddable":true,"href":"https:\/\/www.luxuryepice.com\/fr\/wp-json\/wp\/v2\/comments?post=6441"}],"wp:featuredmedia":[{"embeddable":true,"href":"https:\/\/www.luxuryepice.com\/fr\/wp-json\/wp\/v2\/media\/6442"}],"wp:attachment":[{"href":"https:\/\/www.luxuryepice.com\/fr\/wp-json\/wp\/v2\/media?parent=6441"}],"wp:term":[{"taxonomy":"product_brand","embeddable":true,"href":"https:\/\/www.luxuryepice.com\/fr\/wp-json\/wp\/v2\/product_brand?post=6441"},{"taxonomy":"product_cat","embeddable":true,"href":"https:\/\/www.luxuryepice.com\/fr\/wp-json\/wp\/v2\/product_cat?post=6441"},{"taxonomy":"product_tag","embeddable":true,"href":"https:\/\/www.luxuryepice.com\/fr\/wp-json\/wp\/v2\/product_tag?post=6441"}],"curies":[{"name":"wp","href":"https:\/\/api.w.org\/{rel}","templated":true}]}}