{"id":6430,"date":"2023-12-14T11:38:06","date_gmt":"2023-12-14T11:38:06","guid":{"rendered":"https:\/\/www.luxuryepice.com\/?post_type=product&#038;p=6430"},"modified":"2024-08-10T17:46:10","modified_gmt":"2024-08-10T17:46:10","slug":"pink-pepper","status":"publish","type":"product","link":"https:\/\/www.luxuryepice.com\/fr\/produit\/pink-pepper\/","title":{"rendered":"Baie rose"},"content":{"rendered":"<h3>Qu'est-ce que le Baie Rose ?<\/h3>\n<p>Originaire d'Am\u00e9rique du Sud, les baies roses ou poivre rose proviennent d'un arbre dio\u00efque \u00e0 feuillage persistant. Le poivre rose est un produit phare parmi les \u00e9pices provenant d'autres r\u00e9gions tropicales, telles que La R\u00e9union et Madagascar. Souvent utilis\u00e9 dans certains plats, il est \u00e9galement un \u00e9l\u00e9ment de base en m\u00e9decine traditionnelle.<\/p>\n<h3>Culture du Baie Rose \u00e0 Madagascar<\/h3>\n<p>Gr\u00e2ce aux propri\u00e9t\u00e9s alluviales des sols dans certaines r\u00e9gions de Madagascar, le poivre rose est l'une des \u00e9pices qui contribuent \u00e0 la r\u00e9putation de la grande \u00eele. Le poivre rose est cultiv\u00e9 dans les r\u00e9gions d'Itasy et de Bongolava. Trois villages, dont Ambararatabe, Ankadinondry sakay, Tsiroanomandidy, assurent la production. Sa culture ne n\u00e9cessite pas d'engrais chimiques et la propagation se fait par bouturage. La floraison de cette \u00e9pice s'\u00e9tend de f\u00e9vrier \u00e0 avril. La r\u00e9colte se fait en deux p\u00e9riodes : de d\u00e9cembre \u00e0 janvier et d'avril \u00e0 juin. La culture du poivre rose sur la grande \u00eele est principalement destin\u00e9e \u00e0 l'exportation.<\/p>\n<h3>Description du Baie Rose<\/h3>\n<p>Les baies roses sont les fruits d'un arbre originaire d'Am\u00e9rique du Sud appel\u00e9 Schinus Terebithifolius en botanique. Elles appartiennent \u00e0 la famille des Anacardiac\u00e9es. L'arbre \u00e0 poivre rose peut atteindre de 5 \u00e0 10 m\u00e8tres de hauteur avec un diam\u00e8tre de tronc de 10-30 cm. Ses feuilles persistantes mesurent de 7,5 \u00e0 15 cm de long, et ses fleurs font environ 3 mm de long. De forme ronde, de la taille d'une lentille, leur parfum est plus ou moins \u00e9pic\u00e9. Appr\u00e9ci\u00e9 pour ses ar\u00f4mes doux et fruit\u00e9s, il n'est pas piquant, avec des notes anis\u00e9es. Elles sont souvent utilis\u00e9es pour d\u00e9corer les hors-d'\u0153uvre.<\/p>\n<h3>Histoire du Baie Rose<\/h3>\n<p>Les baies roses ont \u00e9t\u00e9 d\u00e9couvertes pour la premi\u00e8re fois en Am\u00e9rique du Sud et se sont ensuite r\u00e9pandues dans le monde entier. Elles ont ensuite \u00e9t\u00e9 introduites \u00e0 Madagascar et \u00e0 La R\u00e9union. Cette culture r\u00e9cente est issue de leur consommation croissante, que la cueillette seule ne pouvait plus satisfaire. Le poivre rose est \u00e9galement appel\u00e9 \u00ab poivre Bourbon \u00bb, car l'\u00eele Bourbon \u00e9tait l'ancien nom de La R\u00e9union.<\/p>\n<h3>Vertus et Bienfaits du Baie Rose<\/h3>\n<p>Le poivre rose poss\u00e8de des propri\u00e9t\u00e9s anti-inflammatoires, antiseptiques et antispasmodiques. Propri\u00e9t\u00e9s antispasmodiques : soulage les troubles menstruels. Il stimule le syst\u00e8me immunitaire et poss\u00e8de \u00e9galement des propri\u00e9t\u00e9s antibact\u00e9riennes. Son huile essentielle est utile pour les douleurs rhumatismales et articulaires, la grippe, les affections des voies respiratoires et les troubles intestinaux. Le poivre rose lutte contre les probl\u00e8mes de circulation sanguine.<\/p>","protected":false},"excerpt":{"rendered":"<p>Les baies roses, souvent appel\u00e9es \u00ab poivre rose \u00bb, sont les fruits de plusieurs esp\u00e8ces d'arbustes du genre Schinus utilis\u00e9es comme \u00e9pice. D\u00e9couvertes pour la premi\u00e8re fois en Am\u00e9rique latine et introduites plus tard \u00e0 Madagascar au XIXe si\u00e8cle, les baies roses poss\u00e8dent des propri\u00e9t\u00e9s anti-inflammatoires, antiseptiques et antispasmodiques. Elles aident \u00e9galement \u00e0 nettoyer les voies respiratoires et \u00e0 traiter les troubles digestifs. Leur go\u00fbt rappelle l'ar\u00f4me typiquement poivr\u00e9 du poivre noir ; \u00e9tant une baie, elles offrent \u00e9galement une saveur douce et fruit\u00e9e. L'origine de notre poivre rose garantit un produit sans produits chimiques, et nous veillons \u00e9galement \u00e0 offrir un rapport qualit\u00e9-prix impeccable.<\/p>\n<p><b>Origine :<\/b> Sud-Est de Madagascar<br \/>\n<b>Qualit\u00e9 :<\/b> Poivre entier<br \/>\n<b>Poids\/Quantit\u00e9 :<\/b> 100g \u2022 250g \u2022 500g \u2022 1kg<br \/>\n<b>Conditionnement :<\/b> Dans un sac herm\u00e9tique<\/p>\n<h3>Commande en gros<\/h3>\n<p><b>Conditionnement :<\/b><\/p>\n<ul>\n<li>Poivre entier : Un carton de 15 kg (un sac herm\u00e9tique de 1 kg x 15).<\/li>\n<\/ul>\n<p><b>Prix de gros, contactez-nous !<\/b><\/p>\n<h3>Prix<\/h3>\n<table class=\"product_prices_table\">\n<tbody>\n<tr>\n<th>Poids\/Quantit\u00e9<\/th>\n<th>Prix<\/th>\n<th class=\"translation-block\">Prix (Remise 15% avec <a href=\"https:\/\/lmelocation.com\/\" target=\"_blank\" rel=\"noopener\">LME Location<\/a>)<\/th>\n<\/tr>\n<tr>\n<td>100g<\/td>\n<td>5\u20ac<\/td>\n<td>-15%<\/td>\n<\/tr>\n<tr>\n<td>250g<\/td>\n<td>12\u20ac<\/td>\n<td>-15%<\/td>\n<\/tr>\n<tr>\n<td>500g<\/td>\n<td>23\u20ac<\/td>\n<td>-15%<\/td>\n<\/tr>\n<tr>\n<td>1kg<\/td>\n<td>45\u20ac<\/td>\n<td>-15%<\/td>\n<\/tr>\n<\/tbody>\n<\/table>\n<h3>Pour toutes commandes, contactez-nous directement :<\/h3>\n<ul class=\"product_contacts\">\n<li><span class=\"icon\"><i class=\"fa fa-phone\"><\/i><\/span><a href=\"tel:0668740294\">06 68 74 02 94<\/a><\/li>\n<li><span class=\"icon\"><i class=\"fa fa-envelope\"><\/i><\/span><a href=\"mailto:luxe.spices@gmail.com\">luxe.spices@gmail.com<\/a><\/li>\n<\/ul>\n<h3>Info produits<\/h3>","protected":false},"featured_media":7143,"comment_status":"open","ping_status":"closed","template":"","meta":[],"product_brand":[],"product_cat":[21],"product_tag":[],"class_list":{"0":"post-6430","1":"product","2":"type-product","3":"status-publish","4":"has-post-thumbnail","6":"product_cat-uncategorized","8":"first","9":"instock","10":"shipping-taxable","11":"product-type-simple"},"_links":{"self":[{"href":"https:\/\/www.luxuryepice.com\/fr\/wp-json\/wp\/v2\/product\/6430","targetHints":{"allow":["GET"]}}],"collection":[{"href":"https:\/\/www.luxuryepice.com\/fr\/wp-json\/wp\/v2\/product"}],"about":[{"href":"https:\/\/www.luxuryepice.com\/fr\/wp-json\/wp\/v2\/types\/product"}],"replies":[{"embeddable":true,"href":"https:\/\/www.luxuryepice.com\/fr\/wp-json\/wp\/v2\/comments?post=6430"}],"wp:featuredmedia":[{"embeddable":true,"href":"https:\/\/www.luxuryepice.com\/fr\/wp-json\/wp\/v2\/media\/7143"}],"wp:attachment":[{"href":"https:\/\/www.luxuryepice.com\/fr\/wp-json\/wp\/v2\/media?parent=6430"}],"wp:term":[{"taxonomy":"product_brand","embeddable":true,"href":"https:\/\/www.luxuryepice.com\/fr\/wp-json\/wp\/v2\/product_brand?post=6430"},{"taxonomy":"product_cat","embeddable":true,"href":"https:\/\/www.luxuryepice.com\/fr\/wp-json\/wp\/v2\/product_cat?post=6430"},{"taxonomy":"product_tag","embeddable":true,"href":"https:\/\/www.luxuryepice.com\/fr\/wp-json\/wp\/v2\/product_tag?post=6430"}],"curies":[{"name":"wp","href":"https:\/\/api.w.org\/{rel}","templated":true}]}}