{"id":6425,"date":"2023-12-14T11:35:33","date_gmt":"2023-12-14T11:35:33","guid":{"rendered":"https:\/\/www.luxuryepice.com\/?post_type=product&#038;p=6425"},"modified":"2025-10-16T23:43:52","modified_gmt":"2025-10-16T23:43:52","slug":"cinnamon","status":"publish","type":"product","link":"https:\/\/www.luxuryepice.com\/fr\/produit\/cinnamon\/","title":{"rendered":"Cannelle"},"content":{"rendered":"<h3>Qu'est-ce que la cannelle ?<\/h3>\n<p>La cannelle est une \u00e9pice largement connue et appr\u00e9ci\u00e9e \u00e0 l'\u00e9chelle mondiale, obtenue \u00e0 partir de l'\u00e9corce de l'arbre \u00e0 cannelle de Ceylan, r\u00e9put\u00e9 pour ses propri\u00e9t\u00e9s m\u00e9dicinales exceptionnelles. Il existe quatre principales vari\u00e9t\u00e9s de cannelle : la cannelle de Padang, la cannelle chinoise ou casse, la cannelle de Sa\u00efgon et la cannelle de Ceylan, \u00e9galement connue sous le nom de cannelle \"v\u00e9ritable\".<\/p>\n<p>Originaire d'Asie, la cannelle est utilis\u00e9e dans la pharmacop\u00e9e asiatique depuis plus de 5000 ans. Bien qu'elle trouve ses origines au Sri Lanka, on la retrouve \u00e9galement dans d'autres pays tels que l'Indon\u00e9sie, le Vietnam, Maurice, les Seychelles, Madagascar, l'\u00c9gypte, les Cara\u00efbes et le Br\u00e9sil. Une production \u00e0 grande \u00e9chelle et de haute qualit\u00e9 est assur\u00e9e par le Sri Lanka, les Seychelles et Madagascar, tandis que la casse provient de Chine ou d'Indon\u00e9sie.<\/p>\n<h3>Aper\u00e7u de la culture de la cannelle \u00e0 Madagascar<\/h3>\n<p>La cannelle est extraite de l'\u00e9corce du cannelier de Ceylan, un arbre qui peut atteindre une hauteur de 15 m\u00e8tres. Elle est cultiv\u00e9e dans les r\u00e9gions tropicales et r\u00e9colt\u00e9e pendant la saison des pluies. \u00c0 Madagascar, elle est cultiv\u00e9e sur la c\u00f4te est de l'\u00eele. L'esp\u00e8ce v\u00e9g\u00e9tale sp\u00e9cifique pr\u00e9sente \u00e0 Madagascar est le Cinnamomum zeylanicum.<\/p>\n<p>Cette esp\u00e8ce exotique semble s'\u00eatre d\u00e9velopp\u00e9e naturellement sur la c\u00f4te est de l'\u00eele en raison de la dispersion des graines produites chaque ann\u00e9e. La culture et la r\u00e9colte sont effectu\u00e9es dans des exploitations familiales. Les hommes s\u00e9lectionnent des arbres matures et suffisamment \u00e9pais pour les \u00e9corcer. Ils sont \u00e9galement responsables de la coupe des troncs, de l'\u00e9pluchage des feuilles et du transport vers les ateliers. Ensuite, les femmes coupent les branches en b\u00e2tonnets d'environ 5 centim\u00e8tres pour plus de commodit\u00e9. Elles enl\u00e8vent l'\u00e9corce, la font s\u00e9cher, puis l'envoient \u00e0 la distillerie.<\/p>\n<h3>Description de la cannelle<\/h3>\n<p>La cannelle provient du genre Cinnamomum, un petit arbre persistant qui pousse dans les for\u00eats tropicales. Connu pour son ar\u00f4me distinctif et sa saveur caract\u00e9ristique, la cannelle est extraite de l'\u00e9corce des arbres appartenant au genre Cinnamomum.<\/p>\n<p>La cannelle se pr\u00e9sente sous deux formes :<\/p>\n<ol>\n<li>Cannelle enti\u00e8re : Cette forme est plus courante, reconnaissable par son \u00e9corce naturellement enroul\u00e9e. Les b\u00e2tonnets de couleur brun clair, plus fins et plus fragiles, sont consid\u00e9r\u00e9s comme de meilleure qualit\u00e9 et conservent leur saveur et leur fragrance pendant un an.<\/li>\n<li>Poudre de cannelle : La cannelle en poudre, issue de diverses parties de l'arbre, notamment des fleurs, des fruits et des d\u00e9chets appel\u00e9s \"chips\", perd rapidement son ar\u00f4me. Il est recommand\u00e9 de l'acheter en petites quantit\u00e9s et de la stocker \u00e0 l'abri de la lumi\u00e8re et de la chaleur pendant jusqu'\u00e0 6 mois. Cette forme est la plus courante et est utilis\u00e9e dans la p\u00e2tisserie.<\/li>\n<\/ol>\n<p>La cannelle la plus populaire et consid\u00e9r\u00e9e comme la meilleure provient du Sri Lanka (Ceylan), des Seychelles, de Madagascar ou de l'Inde (Cinnamomum verum). Cependant, il existe de nombreuses autres vari\u00e9t\u00e9s, telles que la cannelle chinoise (Cinnamomum burmanni), la cannelle vietnamienne (Cinnamomum loureirii) et la plus ancienne connue, la cannelle chinoise, \u00e9galement appel\u00e9e \"cassia\".<\/p>\n<h3>Description de l'extrait de cannelle extrait de Cinnamomum verum<\/h3>\n<p>La cannelle est une \u00e9pice extraite de l'\u00e9corce de l'arbre Cinnamomum verum, qui pousse dans les for\u00eats sauvages et peut atteindre une hauteur de 15 m\u00e8tres. Son \u00e9corce est tr\u00e8s fine, et la cannelle est produite \u00e0 partir de son \u00e9corce interne. L'arbre \u00e0 cannelle de Ceylan mesure de 10 \u00e0 15 m\u00e8tres de haut, avec des feuilles persistantes d'un vert vif, de forme oblongue, mesurant de 7 \u00e0 18 cm de long. Son \u00e9corce externe a une teinte gris\u00e2tre et est utilis\u00e9e pour extraire l'huile essentielle. Il a \u00e9galement des feuilles d'un vert vif avec des veines tr\u00e8s prononc\u00e9es. Les jeunes pousses ont une teinte rouge\u00e2tre. \u00c0 l'\u00e9tat naturel, la cannelle se pr\u00e9sente sous forme de tubes minces, mais elle peut aussi \u00eatre r\u00e9duite en poudre.<\/p>\n<h3>Histoire de la vraie cannelle<\/h3>\n<p>La cannelle est une \u00e9pice ancienne avec des milliers d'ann\u00e9es d'histoire, originaire des for\u00eats tropicales humides de l'\u00eele d\u00e9sormais connue sous le nom de Sri Lanka. Le terme \u00ab cannelle \u00bb, apparu au XIIe si\u00e8cle, vient du latin \u00ab canna \u00bb, signifiant roseau. Cette \u00e9pice a probablement \u00e9t\u00e9 ainsi nomm\u00e9e en raison de la forme de ses b\u00e2tonnets, qui ressemblent \u00e0 des roseaux.<\/p>\n<p>En \u00c9gypte, il \u00e9tait utilis\u00e9 dans le processus de momification. Au Moyen \u00c2ge, c'\u00e9tait l'une des \u00e9pices les plus couramment utilis\u00e9es pour rehausser les rago\u00fbts, les bouillons et les cr\u00e8mes. Apr\u00e8s avoir travers\u00e9 des conflits, la cannelle a r\u00e9ussi \u00e0 atteindre la Gr\u00e8ce, le Portugal, les Pays-Bas, la France et l'Angleterre.<\/p>\n<h3>Avantages de la cannelle<\/h3>\n<ol>\n<li>La cannelle a un effet positif sur les maladies cardiovasculaires, notamment en r\u00e9duisant les niveaux de cholest\u00e9rol dans le sang, pr\u00e9venant ainsi des affections telles que l'ath\u00e9roscl\u00e9rose.<\/li>\n<li>Il poss\u00e8de des propri\u00e9t\u00e9s b\u00e9n\u00e9fiques pour le syndrome pr\u00e9menstruel, notamment en r\u00e9duisant les douleurs abdominales et les infections li\u00e9es au syndrome pr\u00e9menstruel (SPM), ainsi qu'en r\u00e9gulant les hormones chez les femmes en raison de sa teneur en cinnamald\u00e9hyde.<\/li>\n<li>L'huile de cannelle poss\u00e8de de puissantes propri\u00e9t\u00e9s antibact\u00e9riennes, ce qui en fait un excellent d\u00e9sinfectant naturel pour nos foyers.<\/li>\n<li>Selon une \u00e9tude du D\u00e9partement de l'Agriculture des \u00c9tats-Unis dans le Maryland, la cannelle peut r\u00e9duire de mani\u00e8re significative la croissance des cellules canc\u00e9reuses.<\/li>\n<li>Pour les personnes atteintes de diab\u00e8te et en surpoids, la cannelle peut \u00eatre une excellente alli\u00e9e. Elle am\u00e9liore la sensibilit\u00e9 \u00e0 l'insuline, r\u00e9duit les niveaux de sucre dans le sang et contribue \u00e0 diminuer les envies de sucreries.<\/li>\n<li>Un verre d'eau chaude avec du miel et de la cannelle est un excellent remontant en cas de fatigue. De plus, c'est un tonique digestif tr\u00e8s efficace.<\/li>\n<\/ol>","protected":false},"excerpt":{"rendered":"<p>La cannelle de Madagascar est r\u00e9put\u00e9e pour son ar\u00f4me exceptionnel et sa saveur douce et chaleureuse. Avec un parfum d\u00e9licatement parfum\u00e9, elle ajoute une touche distinctive aussi bien aux plats sal\u00e9s qu'aux desserts. Sa texture se compose de couches d'\u00e9corce clairement concentriques et non spongieuses. Outre ses utilisations culinaires, la cannelle de Madagascar est reconnue pour ses propri\u00e9t\u00e9s anti-inflammatoires et antioxydantes naturelles, ce qui en fait un excellent stimulant du syst\u00e8me immunitaire.<\/p>\n<p><b>Origine :<\/b> Sud-est de Madagascar (Mananjary, Toamasina et Maroantsetra)<br \/>\n<b>Qualit\u00e9 :<\/b> B\u00e2ton\/Poudre<br \/>\n<b>Poids\/Quantit\u00e9 :<\/b> 100g \u2022 250g \u2022 500g \u2022 1kg<br \/>\n<b>Conditionnement :<\/b> Dans un sac herm\u00e9tique<\/p>\n<h3>Commande en gros<\/h3>\n<p><b>Conditionnement :<\/b><\/p>\n<ul>\n<li>B\u00e2ton : Un carton de 15kg (Un sac herm\u00e9tique de 1kg x 15).<\/li>\n<li>Poudre: Un carton de 25kg (Un sac herm\u00e9tique de 2.5kg x 10)<\/li>\n<\/ul>\n<h3>Prix<\/h3>\n<p><b>Poudre :<\/b><\/p>\n<table class=\"product_prices_table\">\n<tbody>\n<tr>\n<th>Poids\/Quantit\u00e9<\/th>\n<th>Prix<\/th>\n<th class=\"translation-block\">Prix (Remise 15% avec <a href=\"https:\/\/lmelocation.com\/\" target=\"_blank\" rel=\"noopener\">LME Location<\/a>)<\/th>\n<\/tr>\n<tr>\n<td>100g<\/td>\n<td>3\u20ac<\/td>\n<td>-15%<\/td>\n<\/tr>\n<tr>\n<td>250g<\/td>\n<td>7\u20ac<\/td>\n<td>-15%<\/td>\n<\/tr>\n<tr>\n<td>500g<\/td>\n<td>13\u20ac<\/td>\n<td>-15%<\/td>\n<\/tr>\n<tr>\n<td>1kg<\/td>\n<td>24\u20ac<\/td>\n<td>-15%<\/td>\n<\/tr>\n<\/tbody>\n<\/table>\n<p><b>Stick:<\/b><\/p>\n<table class=\"product_prices_table\">\n<tbody>\n<tr>\n<th>Poids\/Quantit\u00e9<\/th>\n<th>Prix<\/th>\n<th class=\"translation-block\">Prix (Remise 15% avec <a href=\"https:\/\/lmelocation.com\/\" target=\"_blank\" rel=\"noopener\">LME Location<\/a>)<\/th>\n<\/tr>\n<tr>\n<td>100g<\/td>\n<td>3.50\u20ac<\/td>\n<td>-15%<\/td>\n<\/tr>\n<tr>\n<td>250g<\/td>\n<td>7.50\u20ac<\/td>\n<td>-15%<\/td>\n<\/tr>\n<\/tbody>\n<\/table>\n<h3>Pour toutes commandes, contactez-nous directement :<\/h3>\n<ul class=\"product_contacts\">\n<li><i class=\"fa fa-phone\"><\/i><a href=\"tel:0668740294\">06 68 74 02 94<\/a><\/li>\n<li><i class=\"fa fa-envelope\"><\/i><a href=\"mailto:luxe.spices@gmail.com\">luxe.spices@gmail.com<\/a><\/li>\n<\/ul>\n<h3>Info produits<\/h3>","protected":false},"featured_media":6426,"comment_status":"open","ping_status":"closed","template":"","meta":[],"product_brand":[],"product_cat":[21],"product_tag":[],"class_list":{"0":"post-6425","1":"product","2":"type-product","3":"status-publish","4":"has-post-thumbnail","6":"product_cat-uncategorized","8":"first","9":"instock","10":"featured","11":"shipping-taxable","12":"product-type-simple"},"_links":{"self":[{"href":"https:\/\/www.luxuryepice.com\/fr\/wp-json\/wp\/v2\/product\/6425","targetHints":{"allow":["GET"]}}],"collection":[{"href":"https:\/\/www.luxuryepice.com\/fr\/wp-json\/wp\/v2\/product"}],"about":[{"href":"https:\/\/www.luxuryepice.com\/fr\/wp-json\/wp\/v2\/types\/product"}],"replies":[{"embeddable":true,"href":"https:\/\/www.luxuryepice.com\/fr\/wp-json\/wp\/v2\/comments?post=6425"}],"wp:featuredmedia":[{"embeddable":true,"href":"https:\/\/www.luxuryepice.com\/fr\/wp-json\/wp\/v2\/media\/6426"}],"wp:attachment":[{"href":"https:\/\/www.luxuryepice.com\/fr\/wp-json\/wp\/v2\/media?parent=6425"}],"wp:term":[{"taxonomy":"product_brand","embeddable":true,"href":"https:\/\/www.luxuryepice.com\/fr\/wp-json\/wp\/v2\/product_brand?post=6425"},{"taxonomy":"product_cat","embeddable":true,"href":"https:\/\/www.luxuryepice.com\/fr\/wp-json\/wp\/v2\/product_cat?post=6425"},{"taxonomy":"product_tag","embeddable":true,"href":"https:\/\/www.luxuryepice.com\/fr\/wp-json\/wp\/v2\/product_tag?post=6425"}],"curies":[{"name":"wp","href":"https:\/\/api.w.org\/{rel}","templated":true}]}}