{"id":865,"date":"2016-08-12T07:45:08","date_gmt":"2016-08-12T07:45:08","guid":{"rendered":"http:\/\/kudos.select-themes.com\/?page_id=865"},"modified":"2026-02-26T07:45:15","modified_gmt":"2026-02-26T07:45:15","slug":"about-us","status":"publish","type":"page","link":"https:\/\/www.luxuryepice.com\/fr\/about-us\/","title":{"rendered":"\u00c0 propos de nous"},"content":{"rendered":"<section class=\"wpb-content-wrapper\"><div class=\"vc_row wpb_row vc_row-fluid qodef-section vc_custom_1710270484584 qodef-content-aligment-left qodef-grid-section\" style=\"\"><div class=\"clearfix qodef-section-inner\"><div class=\"qodef-section-inner-margin clearfix\"><div class=\"wpb_column vc_column_container vc_col-sm-12\"><div class=\"vc_column-inner\"><div class=\"wpb_wrapper\">\n<div class=\"qodef-custom-font-holder\" style=\"font-family: Raleway;font-size: 80px;line-height: 95px;font-weight: 700;text-align: left;color: #ffffff\" data-font-size= \"80\" data-line-height= \"95\">\n    C'est nous!    <\/div><\/div><\/div><\/div><\/div><\/div><\/div><div class=\"vc_row wpb_row vc_row-fluid qodef-section vc_custom_1702910745228 qodef-content-aligment-center qodef-grid-section\" style=\"\"><div class=\"clearfix qodef-section-inner\"><div class=\"qodef-section-inner-margin clearfix\"><div class=\"wpb_column vc_column_container vc_col-sm-12\"><div class=\"vc_column-inner\"><div class=\"wpb_wrapper\">\n\t<div class=\"wpb_text_column wpb_content_element\" >\n\t\t<div class=\"wpb_wrapper\">\n\t\t\t<h2>\u00c0 propos de nous et de notre travail<\/h2>\n\n\t\t<\/div>\n\t<\/div>\n<div class=\"vc_empty_space\"   style=\"height: 15px\"><span class=\"vc_empty_space_inner\"><\/span><\/div><div data-qodef-parallax-speed=\"1\" class=\"vc_row wpb_row vc_inner vc_row-fluid qodef-section qodef-content-aligment-center\" style=\"\"><div class=\"qodef-full-section-inner\"><div class=\"wpb_column vc_column_container vc_col-sm-12 vc_col-lg-offset-2 vc_col-lg-8 vc_col-md-offset-2 vc_col-md-8\"><div class=\"vc_column-inner\"><div class=\"wpb_wrapper\">\n\t<div class=\"wpb_text_column wpb_content_element\" >\n\t\t<div class=\"wpb_wrapper\">\n\t\t\t<h4>Bienvenue chez LUXURY MADAGASIKARA \u00c9PICES, votre destination pour des exp\u00e9riences culinaires extraordinaires avec les meilleures \u00e9pices de Madagascar. Il est pr\u00e9f\u00e9rable de pr\u00e9ciser que toutes les collections de produits disponibles \u00e0 explorer ici sur notre site web sont \u00e9galement d\u00e9j\u00e0 accessibles sur place en France et \u00e0 La R\u00e9union.<\/h4>\n\n\t\t<\/div>\n\t<\/div>\n<\/div><\/div><\/div><\/div><\/div><\/div><\/div><\/div><\/div><\/div><\/div><div class=\"vc_row wpb_row vc_row-fluid qodef-section vc_custom_1710270856453 qodef-content-aligment-left qodef-grid-section\" style=\"\"><div class=\"clearfix qodef-section-inner\"><div class=\"qodef-section-inner-margin clearfix\"><div class=\"wpb_column vc_column_container vc_col-sm-6 vc_col-lg-6 vc_col-md-12\"><div class=\"vc_column-inner\"><div class=\"wpb_wrapper\"><div class=\"vc_empty_space\"   style=\"height: 30px\"><span class=\"vc_empty_space_inner\"><\/span><\/div><div class=\"qodef-iwt clearfix qodef-iwt-icon-top qodef-iwt-icon-tiny\"  style=\"text-align: center\">\n    <div class=\"qodef-iwt-icon-holder\">\n\t\t\t\t\t    <span class=\"qodef-icon-animation-holder\" style=\"transition-delay: 300ms;-webkit-transition-delay: 300ms;-moz-transition-delay: 300ms;-ms-transition-delay: 300ms\">\n\n    <span class=\"qodef-icon-shortcode circle qodef-icon-animation\" style=\"width: 129px;height: 129px;line-height: 129px;border-style: solid;border-color: #dadada;border-width: 2px\" data-animation-delay=\"300\" data-color=\"#66dbc9\">\n        \n        <span aria-hidden=\"true\" class=\"qodef-icon-font-elegant icon_star qodef-icon-element\" style=\"color: #66dbc9;font-size:32px\" ><\/span>\n            <\/span>\n\n    <\/span>\n\t\t    <\/div>\n    <div class=\"qodef-iwt-content-holder\" >\n        <div class=\"qodef-iwt-title-holder\">\n            <h5 >\n\t\t\tNotre Engagement envers la Qualit\u00e9        <\/h5>\n    <\/div>\n\t        <div class=\"qodef-iwt-title-separator-holder\">\n            <span class=\"qodef-iwt-title-separator\" style=\"border-bottom: 2px solid #66dbc9\"><\/span>\n        <\/div>\n\t    <div class=\"qodef-iwt-text-holder\">\n        <p >Chez LUXURY MADAGASIKARA \u00c9PICES, la qualit\u00e9 n'est pas seulement une caract\u00e9ristique, c'est notre pierre angulaire. Depuis notre cr\u00e9ation en 2017, nous nous sommes engag\u00e9s \u00e0 offrir \u00e0 nos clients des \u00e9pices exceptionnelles, soigneusement et amoureusement r\u00e9colt\u00e9es sur la terre fertile de Madagascar. Nous croyons fermement que la qualit\u00e9 des ingr\u00e9dients est le secret derri\u00e8re chaque plat d\u00e9licieux, c'est pourquoi nous s\u00e9lectionnons m\u00e9ticuleusement les meilleures \u00e9pices pour satisfaire les palais les plus exigeants.<\/p>\n\n\t\t    <\/div>\n<\/div>\n<\/div><\/div><\/div><\/div><div class=\"wpb_column vc_column_container vc_col-sm-6 vc_col-lg-6 vc_col-md-12\"><div class=\"vc_column-inner\"><div class=\"wpb_wrapper\"><div class=\"vc_empty_space\"   style=\"height: 30px\"><span class=\"vc_empty_space_inner\"><\/span><\/div><div class=\"qodef-iwt clearfix qodef-iwt-icon-top qodef-iwt-icon-tiny\"  style=\"text-align: center\">\n    <div class=\"qodef-iwt-icon-holder\">\n\t\t\t\t\t    <span class=\"qodef-icon-animation-holder\" style=\"transition-delay: 500ms;-webkit-transition-delay: 500ms;-moz-transition-delay: 500ms;-ms-transition-delay: 500ms\">\n\n    <span class=\"qodef-icon-shortcode circle qodef-icon-animation\" style=\"width: 129px;height: 129px;line-height: 129px;border-style: solid;border-color: #dadada;border-width: 2px\" data-animation-delay=\"500\" data-color=\"#66dbc9\">\n        \n        <span aria-hidden=\"true\" class=\"qodef-icon-font-elegant icon_star qodef-icon-element\" style=\"color: #66dbc9;font-size:32px\" ><\/span>\n            <\/span>\n\n    <\/span>\n\t\t    <\/div>\n    <div class=\"qodef-iwt-content-holder\" >\n        <div class=\"qodef-iwt-title-holder\">\n            <h5 >\n\t\t\t\u00c9pices Uniques, Engagement Authentique        <\/h5>\n    <\/div>\n\t        <div class=\"qodef-iwt-title-separator-holder\">\n            <span class=\"qodef-iwt-title-separator\" style=\"border-bottom: 2px solid #66dbc9\"><\/span>\n        <\/div>\n\t    <div class=\"qodef-iwt-text-holder\">\n        <p >Ce qui distingue LUXURY MADAGASIKARA \u00c9PICES, ce ne sont pas simplement des \u00e9pices, mais des tr\u00e9sors authentiques et uniques de Madagascar. Nous sommes fiers de proposer des produits exceptionnels, notamment le poivre sauvage, une \u00e9pice end\u00e9mique qui incarne la richesse de la biodiversit\u00e9 de l'\u00eele. Nos \u00e9pices sont bien plus qu'un simple ingr\u00e9dient, elles sont le r\u00e9sultat de la vari\u00e9t\u00e9 climatique et du sol fertile de Madagascar.<\/p>\n\n\t\t    <\/div>\n<\/div>\n<\/div><\/div><\/div><\/div><\/div><\/div><\/div><div class=\"vc_row wpb_row vc_row-fluid qodef-section vc_custom_1702914427791 qodef-content-aligment-left qodef-grid-section\" style=\"\"><div class=\"clearfix qodef-section-inner\"><div class=\"qodef-section-inner-margin clearfix\"><div class=\"wpb_column vc_column_container vc_col-sm-6 vc_col-lg-6 vc_col-md-12\"><div class=\"vc_column-inner\"><div class=\"wpb_wrapper\"><div class=\"vc_empty_space\"   style=\"height: 30px\"><span class=\"vc_empty_space_inner\"><\/span><\/div><div class=\"qodef-iwt clearfix qodef-iwt-icon-top qodef-iwt-icon-tiny\"  style=\"text-align: center\">\n    <div class=\"qodef-iwt-icon-holder\">\n\t\t\t\t\t    <span class=\"qodef-icon-animation-holder\" style=\"transition-delay: 700ms;-webkit-transition-delay: 700ms;-moz-transition-delay: 700ms;-ms-transition-delay: 700ms\">\n\n    <span class=\"qodef-icon-shortcode circle qodef-icon-animation\" style=\"width: 129px;height: 129px;line-height: 129px;border-style: solid;border-color: #dadada;border-width: 2px\" data-animation-delay=\"700\" data-color=\"#66dbc9\">\n        \n        <span aria-hidden=\"true\" class=\"qodef-icon-font-elegant icon_star qodef-icon-element\" style=\"color: #66dbc9;font-size:32px\" ><\/span>\n            <\/span>\n\n    <\/span>\n\t\t    <\/div>\n    <div class=\"qodef-iwt-content-holder\" >\n        <div class=\"qodef-iwt-title-holder\">\n            <h5 >\n\t\t\tGarantie de Livraison Rapide        <\/h5>\n    <\/div>\n\t        <div class=\"qodef-iwt-title-separator-holder\">\n            <span class=\"qodef-iwt-title-separator\" style=\"border-bottom: 2px solid #66dbc9\"><\/span>\n        <\/div>\n\t    <div class=\"qodef-iwt-text-holder\">\n        <p >Chez LUXURY MADAGASIKARA \u00c9PICES, nous comprenons l'importance de recevoir vos produits \u00e0 temps. Nous nous engageons \u00e0 respecter strictement les d\u00e9lais de livraison, garantissant une exp\u00e9rience d'achat sans tracas. Votre satisfaction est notre priorit\u00e9 absolue, refl\u00e9t\u00e9e dans notre manipulation m\u00e9ticuleuse des exp\u00e9ditions pour que vos \u00e9pices arrivent fra\u00eeches et pr\u00eates \u00e0 sublimer vos cr\u00e9ations culinaires.<\/p>\n\n\t\t    <\/div>\n<\/div>\n<\/div><\/div><\/div><\/div><div class=\"wpb_column vc_column_container vc_col-sm-6 vc_col-lg-6 vc_col-md-12\"><div class=\"vc_column-inner\"><div class=\"wpb_wrapper\"><div class=\"vc_empty_space\"   style=\"height: 30px\"><span class=\"vc_empty_space_inner\"><\/span><\/div><div class=\"qodef-iwt clearfix qodef-iwt-icon-top qodef-iwt-icon-tiny\"  style=\"text-align: center\">\n    <div class=\"qodef-iwt-icon-holder\">\n\t\t\t\t\t    <span class=\"qodef-icon-animation-holder\" style=\"transition-delay: 900ms;-webkit-transition-delay: 900ms;-moz-transition-delay: 900ms;-ms-transition-delay: 900ms\">\n\n    <span class=\"qodef-icon-shortcode circle qodef-icon-animation\" style=\"width: 129px;height: 129px;line-height: 129px;border-style: solid;border-color: #dadada;border-width: 2px\" data-animation-delay=\"900\" data-color=\"#66dbc9\">\n        \n        <span aria-hidden=\"true\" class=\"qodef-icon-font-elegant icon_star qodef-icon-element\" style=\"color: #66dbc9;font-size:32px\" ><\/span>\n            <\/span>\n\n    <\/span>\n\t\t    <\/div>\n    <div class=\"qodef-iwt-content-holder\" >\n        <div class=\"qodef-iwt-title-holder\">\n            <h5 >\n\t\t\tPartenariat avec les Agriculteurs Locaux        <\/h5>\n    <\/div>\n\t        <div class=\"qodef-iwt-title-separator-holder\">\n            <span class=\"qodef-iwt-title-separator\" style=\"border-bottom: 2px solid #66dbc9\"><\/span>\n        <\/div>\n\t    <div class=\"qodef-iwt-text-holder\">\n        <p >Notre histoire va au-del\u00e0 de la simple vente d'\u00e9pices. Nous croyons en un partenariat \u00e9troit avec les agriculteurs locaux \u00e0 Madagascar. En travaillant main dans la main avec eux, nous favorisons des avantages mutuels, pr\u00e9servant les m\u00e9thodes traditionnelles de l'agriculture artisanale et contribuant \u00e0 la conservation du patrimoine agricole unique de Madagascar.<\/p>\n\n\t\t    <\/div>\n<\/div>\n<\/div><\/div><\/div><\/div><\/div><\/div><\/div><div data-qodef-parallax-speed=\"1\" class=\"vc_row wpb_row vc_row-fluid qodef-section vc_custom_1702910919558 qodef-content-aligment-left qodef-parallax-section-holder qodef-parallax-section-holder-touch-disabled qodef-grid-section\" style=\"background-image:url(https:\/\/www.luxuryepice.com\/wp-content\/uploads\/2016\/08\/about-me-background-image-1.jpg);\"><div class=\"clearfix qodef-section-inner\"><div class=\"qodef-section-inner-margin clearfix\"><div class=\"wpb_column vc_column_container vc_col-sm-12\"><div class=\"vc_column-inner\"><div class=\"wpb_wrapper\"><div data-qodef-parallax-speed=\"1\" class=\"vc_row wpb_row vc_inner vc_row-fluid qodef-section qodef-content-aligment-center\" style=\"\"><div class=\"qodef-full-section-inner\"><div class=\"wpb_column vc_column_container vc_col-sm-12 vc_col-lg-offset-2 vc_col-lg-8 vc_col-md-offset-2 vc_col-md-8\"><div class=\"vc_column-inner\"><div class=\"wpb_wrapper\">\n\t<div class=\"wpb_text_column wpb_content_element\" >\n\t\t<div class=\"wpb_wrapper\">\n\t\t\t<h2><span style=\"color: #ffffff;\">T\u00e9moignages<\/span><\/h2>\n\n\t\t<\/div>\n\t<\/div>\n<div class=\"vc_empty_space\"   style=\"height: 15px\"><span class=\"vc_empty_space_inner\"><\/span><\/div><div class=\"qodef-testimonials-holder clearfix\"><div class=\"qodef-testimonials standard light\"  data-autoplay-timeout =\"5\" data-type =\"standard\"><div id=\"qodef-testimonials1207\" class=\"qodef-testimonial-content\">\n\t<div class=\"qodef-testimonial-content-inner\">\n                <p class=\"qodef-testimonial-text\">\n            \"LUXURY MADAGASCAR \u00c9PICES is my secret ingredient. The freshness and purity of their spices are unmatched. Every meal becomes a masterpiece with these exceptional flavors.\"        <\/p>\n                    <div class=\"qodef-testimonial-image-holder\">\n                <img loading=\"lazy\" decoding=\"async\" width=\"512\" height=\"512\" src=\"https:\/\/www.luxuryepice.com\/wp-content\/uploads\/2016\/08\/testimonials-alexandre-dubois.jpg\" class=\"attachment-1207 size-1207 wp-post-image\" alt=\"\" srcset=\"https:\/\/www.luxuryepice.com\/wp-content\/uploads\/2016\/08\/testimonials-alexandre-dubois.jpg 512w, https:\/\/www.luxuryepice.com\/wp-content\/uploads\/2016\/08\/testimonials-alexandre-dubois-300x300.jpg 300w, https:\/\/www.luxuryepice.com\/wp-content\/uploads\/2016\/08\/testimonials-alexandre-dubois-150x150.jpg 150w, https:\/\/www.luxuryepice.com\/wp-content\/uploads\/2016\/08\/testimonials-alexandre-dubois-485x485.jpg 485w, https:\/\/www.luxuryepice.com\/wp-content\/uploads\/2016\/08\/testimonials-alexandre-dubois-100x100.jpg 100w\" sizes=\"auto, (max-width: 512px) 100vw, 512px\" \/>            <\/div>\n                            <div class=\"qodef-testimonial-author\">\n                <span class=\"qodef-testimonial-author-text\">\n                    Alexandre Dubois                <\/span>\n                                    <span class=\"qodef-testimonial-job\">Gastronome passionn\u00e9<\/span>\n                            <\/div>\n        \t<\/div>\t\n<\/div>\n<div id=\"qodef-testimonials1203\" class=\"qodef-testimonial-content\">\n\t<div class=\"qodef-testimonial-content-inner\">\n                <p class=\"qodef-testimonial-text\">\n            \"LUXURY MADAGASCAR \u00c9PICES est un v\u00e9ritable bouleversement. Leurs \u00e9pices transforment des recettes ordinaires en cr\u00e9ations extraordinaires. Mes abonn\u00e9s adorent la richesse et l'authenticit\u00e9 qu'elles apportent.\"        <\/p>\n                    <div class=\"qodef-testimonial-image-holder\">\n                <img loading=\"lazy\" decoding=\"async\" width=\"512\" height=\"512\" src=\"https:\/\/www.luxuryepice.com\/wp-content\/uploads\/2016\/08\/testimonials-emily-rodriguez.jpg\" class=\"attachment-1203 size-1203 wp-post-image\" alt=\"\" srcset=\"https:\/\/www.luxuryepice.com\/wp-content\/uploads\/2016\/08\/testimonials-emily-rodriguez.jpg 512w, https:\/\/www.luxuryepice.com\/wp-content\/uploads\/2016\/08\/testimonials-emily-rodriguez-300x300.jpg 300w, https:\/\/www.luxuryepice.com\/wp-content\/uploads\/2016\/08\/testimonials-emily-rodriguez-150x150.jpg 150w, https:\/\/www.luxuryepice.com\/wp-content\/uploads\/2016\/08\/testimonials-emily-rodriguez-485x485.jpg 485w, https:\/\/www.luxuryepice.com\/wp-content\/uploads\/2016\/08\/testimonials-emily-rodriguez-100x100.jpg 100w\" sizes=\"auto, (max-width: 512px) 100vw, 512px\" \/>            <\/div>\n                            <div class=\"qodef-testimonial-author\">\n                <span class=\"qodef-testimonial-author-text\">\n                    Emily Rodriguez                <\/span>\n                                    <span class=\"qodef-testimonial-job\">Blogueur Culinaire<\/span>\n                            <\/div>\n        \t<\/div>\t\n<\/div>\n<div id=\"qodef-testimonials1200\" class=\"qodef-testimonial-content\">\n\t<div class=\"qodef-testimonial-content-inner\">\n                <p class=\"qodef-testimonial-text\">\n            \"Qualit\u00e9 exceptionnelle ! LUXURY MADAGASCAR \u00c9PICES ajoute une touche d'\u00e9l\u00e9gance \u00e0 mes plats. Les saveurs uniques ont \u00e9lev\u00e9 ma cuisine maison \u00e0 un tout autre niveau.\"        <\/p>\n                    <div class=\"qodef-testimonial-image-holder\">\n                <img loading=\"lazy\" decoding=\"async\" width=\"512\" height=\"512\" src=\"https:\/\/www.luxuryepice.com\/wp-content\/uploads\/2016\/08\/testimonials-david-thompson.jpg\" class=\"attachment-1200 size-1200 wp-post-image\" alt=\"\" srcset=\"https:\/\/www.luxuryepice.com\/wp-content\/uploads\/2016\/08\/testimonials-david-thompson.jpg 512w, https:\/\/www.luxuryepice.com\/wp-content\/uploads\/2016\/08\/testimonials-david-thompson-300x300.jpg 300w, https:\/\/www.luxuryepice.com\/wp-content\/uploads\/2016\/08\/testimonials-david-thompson-150x150.jpg 150w, https:\/\/www.luxuryepice.com\/wp-content\/uploads\/2016\/08\/testimonials-david-thompson-485x485.jpg 485w, https:\/\/www.luxuryepice.com\/wp-content\/uploads\/2016\/08\/testimonials-david-thompson-100x100.jpg 100w\" sizes=\"auto, (max-width: 512px) 100vw, 512px\" \/>            <\/div>\n                            <div class=\"qodef-testimonial-author\">\n                <span class=\"qodef-testimonial-author-text\">\n                    David Thompson                <\/span>\n                                    <span class=\"qodef-testimonial-job\">Chef \u00e0 domicile<\/span>\n                            <\/div>\n        \t<\/div>\t\n<\/div>\n<\/div><\/div><\/div><\/div><\/div><\/div><\/div><\/div><\/div><\/div><\/div><\/div><\/div><div class=\"vc_row wpb_row vc_row-fluid qodef-section vc_custom_1702912226749 qodef-content-aligment-left qodef-grid-section\" style=\"\"><div class=\"clearfix qodef-section-inner\"><div class=\"qodef-section-inner-margin clearfix\"><div class=\"wpb_column vc_column_container vc_col-sm-12 vc_col-lg-6 vc_col-md-12\"><div class=\"vc_column-inner vc_custom_1702911741923\"><div class=\"wpb_wrapper\"><div class=\"vc_empty_space\"   style=\"height: 30px\"><span class=\"vc_empty_space_inner\"><\/span><\/div>\n\t<div class=\"wpb_text_column wpb_content_element\" >\n\t\t<div class=\"wpb_wrapper\">\n\t\t\t<h2>Contactez-nous<\/h2>\n\n\t\t<\/div>\n\t<\/div>\n\n\t<div class=\"wpb_text_column wpb_content_element\" >\n\t\t<div class=\"wpb_wrapper\">\n\t\t\t<p>Nam liber tempor cum soluta nobis eleifend option congue nihil imperdiet doming fdgid quod mazim placerat facer possim. Investigationes demons traverunt lectores legere me lius quod ii legunt saepius.<\/p>\n\n\t\t<\/div>\n\t<\/div>\n<div class=\"vc_empty_space\"   style=\"height: 15px\"><span class=\"vc_empty_space_inner\"><\/span><\/div><div class=\"qodef-icon-list-item\">\n    <div class=\"qodef-icon-list-icon-holder\">\n        <div class=\"qodef-icon-list-icon-holder-inner clearfix\">\n\t\t\t<i class=\"qodef-icon-ion-icon ion-ios-location-outline\" style=\"color:#68daca;font-size:22px\"><\/i>        <\/div>\n    <\/div>\n    <p class=\"qodef-icon-list-text\" style=\"font-size:15px\" > 62 Bd du Chaudron, Sainte-Clotilde, 97490, La R\u00e9union<\/p>\n<\/div><div class=\"qodef-icon-list-item\">\n    <div class=\"qodef-icon-list-icon-holder\">\n        <div class=\"qodef-icon-list-icon-holder-inner clearfix\">\n\t\t\t<i class=\"qodef-icon-ion-icon ion-iphone\" style=\"color:#68daca;font-size:22px\"><\/i>        <\/div>\n    <\/div>\n    <p class=\"qodef-icon-list-text\" style=\"font-size:15px\" > 0692581874 (Appel non surtax\u00e9, France m\u00e9tropolitaine et dom-tom)<\/p>\n<\/div><div class=\"qodef-icon-list-item\">\n    <div class=\"qodef-icon-list-icon-holder\">\n        <div class=\"qodef-icon-list-icon-holder-inner clearfix\">\n\t\t\t<i class=\"qodef-icon-ion-icon ion-ios-email-outline\" style=\"color:#68daca;font-size:22px\"><\/i>        <\/div>\n    <\/div>\n    <p class=\"qodef-icon-list-text\" style=\"font-size:15px\" > luxe.spices@gmail.com<\/p>\n<\/div>\n    <span class=\"qodef-icon-shortcode normal\" style=\"margin: 0px 15px 0px 0px\" data-color=\"#1bc6c0\">\n        \n        <i class=\"qodef-icon-ion-icon ion-android-share-alt qodef-icon-element\" style=\"color: #1bc6c0;font-size:18px\" ><\/i>\n            <\/span>\n\n\n    <span class=\"qodef-icon-shortcode circle\" style=\"margin: 0px 3px 0px 0px;width: 27px;height: 27px;line-height: 27px;background-color: #444444;border-color: #444444\" data-hover-border-color=\"#66dbc9\" data-hover-background-color=\"#66dbc9\" data-hover-color=\"#ffffff\" data-color=\"#ffffff\">\n                    <a itemprop=\"url\" class=\"\"  href=\"https:\/\/www.facebook.com\/profile.php?id=100088446710378\" target=\"_blank\">\n        \n        <span aria-hidden=\"true\" class=\"qodef-icon-font-elegant social_facebook qodef-icon-element\" style=\"color: #ffffff;font-size:10px\" ><\/span>\n                    <\/a>\n            <\/span>\n\n\n    <span class=\"qodef-icon-shortcode circle\" style=\"width: 27px;height: 27px;line-height: 27px;background-color: #444444;border-color: #444444\" data-hover-border-color=\"#66dbc9\" data-hover-background-color=\"#66dbc9\" data-hover-color=\"#ffffff\" data-color=\"#ffffff\">\n                    <a itemprop=\"url\" class=\"\"  href=\"https:\/\/www.linkedin.com\/company\/vanille-luxury-spice\/\" target=\"_blank\">\n        \n        <span aria-hidden=\"true\" class=\"qodef-icon-font-elegant social_linkedin qodef-icon-element\" style=\"color: #ffffff;font-size:10px\" ><\/span>\n                    <\/a>\n            <\/span>\n\n<\/div><\/div><\/div><div class=\"wpb_column vc_column_container vc_col-sm-12 vc_col-lg-6 vc_col-md-12\"><div class=\"vc_column-inner\"><div class=\"wpb_wrapper\"><div class=\"vc_empty_space\"   style=\"height: 30px\"><span class=\"vc_empty_space_inner\"><\/span><\/div>\n<div class=\"wpcf7 no-js\" id=\"wpcf7-f446-o1\" lang=\"en-US\" dir=\"ltr\" data-wpcf7-id=\"446\">\n<div class=\"screen-reader-response\"><p role=\"status\" aria-live=\"polite\" aria-atomic=\"true\"><\/p> <ul><\/ul><\/div>\n<form action=\"\/fr\/wp-json\/wp\/v2\/pages\/865#wpcf7-f446-o1\" method=\"post\" class=\"wpcf7-form init cf7_custom_style_1\" aria-label=\"Contact form\" novalidate=\"novalidate\" data-status=\"init\" data-trp-original-action=\"\/fr\/wp-json\/wp\/v2\/pages\/865#wpcf7-f446-o1\">\n<div style=\"display: none;\">\n<input type=\"hidden\" name=\"_wpcf7\" value=\"446\" \/>\n<input type=\"hidden\" name=\"_wpcf7_version\" value=\"6.0.6\" \/>\n<input type=\"hidden\" name=\"_wpcf7_locale\" value=\"en_US\" \/>\n<input type=\"hidden\" name=\"_wpcf7_unit_tag\" value=\"wpcf7-f446-o1\" \/>\n<input type=\"hidden\" name=\"_wpcf7_container_post\" value=\"0\" \/>\n<input type=\"hidden\" name=\"_wpcf7_posted_data_hash\" value=\"\" \/>\n<\/div>\n<div class=\"qodef-two-columns-50-50\">\n\t<div class=\"qodef-two-columns-50-50-inner\">\n\t\t<div class=\"qodef-column\">\n\t\t\t<div class=\"qodef-column-inner\">\n\t\t\t\t<p><span class=\"wpcf7-form-control-wrap\" data-name=\"your-name\"><input size=\"40\" maxlength=\"400\" class=\"wpcf7-form-control wpcf7-text wpcf7-validates-as-required\" aria-required=\"true\" aria-invalid=\"false\" placeholder=\"Nom*\" value=\"\" type=\"text\" name=\"your-name\" \/><\/span>\n\t\t\t\t<\/p>\n\t\t\t<\/div>\n\t\t<\/div>\n\t\t<div class=\"qodef-column\">\n\t\t\t<div class=\"qodef-column-inner\">\n\t\t\t\t<p><span class=\"wpcf7-form-control-wrap\" data-name=\"your-email\"><input size=\"40\" maxlength=\"400\" class=\"wpcf7-form-control wpcf7-email wpcf7-validates-as-required wpcf7-text wpcf7-validates-as-email\" aria-required=\"true\" aria-invalid=\"false\" placeholder=\"E-mail*\" value=\"\" type=\"email\" name=\"your-email\" \/><\/span>\n\t\t\t\t<\/p>\n\t\t\t<\/div>\n\t\t<\/div>\n\t<\/div>\n<\/div>\n<p><span class=\"wpcf7-form-control-wrap\" data-name=\"your-subject\"><input size=\"40\" maxlength=\"400\" class=\"wpcf7-form-control wpcf7-text wpcf7-validates-as-required\" aria-required=\"true\" aria-invalid=\"false\" placeholder=\"Sujet*\" value=\"\" type=\"text\" name=\"your-subject\" \/><\/span><br \/>\n<span class=\"wpcf7-form-control-wrap\" data-name=\"your-message\"><textarea cols=\"40\" rows=\"10\" maxlength=\"2000\" class=\"wpcf7-form-control wpcf7-textarea\" aria-invalid=\"false\" placeholder=\"Message\" name=\"your-message\"><\/textarea><\/span><br \/>\n<input class=\"wpcf7-form-control wpcf7-submit has-spinner\" type=\"submit\" value=\"Soumettre\" \/>\n<\/p><div class=\"wpcf7-response-output\" aria-hidden=\"true\"><\/div>\n<input type=\"hidden\" name=\"trp-form-language\" value=\"fr\"\/><\/form>\n<\/div>\n<\/div><\/div><\/div><\/div><\/div><\/div>\n<\/section>","protected":false},"excerpt":{"rendered":"","protected":false},"author":1,"featured_media":0,"parent":0,"menu_order":0,"comment_status":"closed","ping_status":"closed","template":"full-width.php","meta":{"footnotes":""},"class_list":["post-865","page","type-page","status-publish","hentry"],"_links":{"self":[{"href":"https:\/\/www.luxuryepice.com\/fr\/wp-json\/wp\/v2\/pages\/865","targetHints":{"allow":["GET"]}}],"collection":[{"href":"https:\/\/www.luxuryepice.com\/fr\/wp-json\/wp\/v2\/pages"}],"about":[{"href":"https:\/\/www.luxuryepice.com\/fr\/wp-json\/wp\/v2\/types\/page"}],"author":[{"embeddable":true,"href":"https:\/\/www.luxuryepice.com\/fr\/wp-json\/wp\/v2\/users\/1"}],"replies":[{"embeddable":true,"href":"https:\/\/www.luxuryepice.com\/fr\/wp-json\/wp\/v2\/comments?post=865"}],"version-history":[{"count":47,"href":"https:\/\/www.luxuryepice.com\/fr\/wp-json\/wp\/v2\/pages\/865\/revisions"}],"predecessor-version":[{"id":7171,"href":"https:\/\/www.luxuryepice.com\/fr\/wp-json\/wp\/v2\/pages\/865\/revisions\/7171"}],"wp:attachment":[{"href":"https:\/\/www.luxuryepice.com\/fr\/wp-json\/wp\/v2\/media?parent=865"}],"curies":[{"name":"wp","href":"https:\/\/api.w.org\/{rel}","templated":true}]}}